{"id":321734,"date":"2024-04-27T12:36:18","date_gmt":"2024-04-27T10:36:18","guid":{"rendered":"https:\/\/www.pomoline.com\/web-pruebas\/producto\/bocallave-cuadrada-zamac-acabado-niquel-satinado\/"},"modified":"2025-03-14T00:34:38","modified_gmt":"2025-03-13T23:34:38","slug":"schlusselloch-quadrat-zamac-finish-nickel-satiniert","status":"publish","type":"product","link":"https:\/\/www.pomoline.com\/de\/produkt\/schlusselloch-quadrat-zamac-finish-nickel-satiniert\/","title":{"rendered":"SCHL\u00dcSSELLOCH QUADRAT ZAMAC FINISH NICKEL SATINIERT"},"content":{"rendered":"<p>T\u00fcrzubeh\u00f6r wie Rosetten mit Schl\u00fcssell\u00f6chern, Drehriegel und Klinken, die zusammen mit unseren T\u00fcrgriffen an T\u00fcren montiert werden. Dieses besondere Modell ist MOD BOC945 Sch\u00fcsselloch quadrat Zamac Finish Nickel satiniert<\/p>\n","protected":false},"excerpt":{"rendered":"<p>T\u00fcrzubeh\u00f6r wie Rosetten mit Schl\u00fcssell\u00f6chern, Drehriegel und Klinken, die zusammen mit unseren T\u00fcrgriffen an T\u00fcren montiert werden. Dieses besondere Modell ist MOD BOC945 Sch\u00fcsselloch quadrat Zamac Finish Nickel satiniert<\/p>\n","protected":false},"featured_media":410560,"template":"","meta":{"_joinchat":[]},"product_brand":[],"product_cat":[1013],"product_tag":[],"class_list":{"0":"post-321734","1":"product","2":"type-product","3":"status-publish","4":"has-post-thumbnail","6":"product_cat-turgriffe-schiebe-turgriffe-rossette-turknopfe-schlusselloch-drehriegel-klinkenschloss","7":"pa_color-rostfreier-stahl-griffe-griffe-wandaufhanger-turhaken-mobelbeine","8":"pa_tendencia-tur-schlussellocher-rosetten-verschlusse-scharniere","10":"first","11":"instock","12":"taxable","13":"shipping-taxable","14":"purchasable","15":"product-type-variable","16":"has-default-attributes","17":"wvs-archive-product-wrapper"},"_links":{"self":[{"href":"https:\/\/www.pomoline.com\/de\/wp-json\/wp\/v2\/product\/321734","targetHints":{"allow":["GET"]}}],"collection":[{"href":"https:\/\/www.pomoline.com\/de\/wp-json\/wp\/v2\/product"}],"about":[{"href":"https:\/\/www.pomoline.com\/de\/wp-json\/wp\/v2\/types\/product"}],"wp:featuredmedia":[{"embeddable":true,"href":"https:\/\/www.pomoline.com\/de\/wp-json\/wp\/v2\/media\/410560"}],"wp:attachment":[{"href":"https:\/\/www.pomoline.com\/de\/wp-json\/wp\/v2\/media?parent=321734"}],"wp:term":[{"taxonomy":"product_brand","embeddable":true,"href":"https:\/\/www.pomoline.com\/de\/wp-json\/wp\/v2\/product_brand?post=321734"},{"taxonomy":"product_cat","embeddable":true,"href":"https:\/\/www.pomoline.com\/de\/wp-json\/wp\/v2\/product_cat?post=321734"},{"taxonomy":"product_tag","embeddable":true,"href":"https:\/\/www.pomoline.com\/de\/wp-json\/wp\/v2\/product_tag?post=321734"}],"curies":[{"name":"wp","href":"https:\/\/api.w.org\/{rel}","templated":true}]}}