{"id":321746,"date":"2024-04-27T12:36:42","date_gmt":"2024-04-27T10:36:42","guid":{"rendered":"https:\/\/www.pomoline.com\/web-pruebas\/producto\/bocallave-cuadrada-de-50mm-cromo-cromo-satinado-fabricado-en-laton\/"},"modified":"2025-03-14T00:33:50","modified_gmt":"2025-03-13T23:33:50","slug":"schlusselloch-quadrat-aus-50mm-chrom-satiniert-aus-messing-hergestellt","status":"publish","type":"product","link":"https:\/\/www.pomoline.com\/de\/produkt\/schlusselloch-quadrat-aus-50mm-chrom-satiniert-aus-messing-hergestellt\/","title":{"rendered":"SCHL\u00dcSSELLOCH QUADRAT AUS 50MM.CHROM SATINIERT. AUS MESSING HERGESTELLT"},"content":{"rendered":"<p>T\u00fcrzubeh\u00f6r wie Rosetten mit Schl\u00fcssell\u00f6chern, Drehriegel und Klinken, die zusammen mit unseren T\u00fcrgriffen an T\u00fcren montiert werden. Dieses besondere Modell ist MOD BOC885 Sch\u00fcsselloch quadrat de 50mm. Chrom satiniert aus Messing<\/p>\n","protected":false},"excerpt":{"rendered":"<p>T\u00fcrzubeh\u00f6r wie Rosetten mit Schl\u00fcssell\u00f6chern, Drehriegel und Klinken, die zusammen mit unseren T\u00fcrgriffen an T\u00fcren montiert werden. Dieses besondere Modell ist MOD BOC885 Sch\u00fcsselloch quadrat de 50mm. Chrom satiniert aus Messing<\/p>\n","protected":false},"featured_media":410548,"template":"","meta":{"_joinchat":[]},"product_brand":[],"product_cat":[5358,5355,1013],"product_tag":[],"class_list":{"0":"post-321746","1":"product","2":"type-product","3":"status-publish","4":"has-post-thumbnail","6":"product_cat-ofertas-de","7":"product_cat-ofertas","8":"product_cat-turgriffe-schiebe-turgriffe-rossette-turknopfe-schlusselloch-drehriegel-klinkenschloss","9":"pa_color-chrom-schrank-knauf-griffe-wandaufhanger-turhaken-mobel-beine","10":"pa_color-gold-schrank-knauf-griffe-wandaufhanger-turhaken-mobel-beine","11":"pa_tendencia-tur-schlussellocher-rosetten-verschlusse-scharniere","13":"first","14":"instock","15":"sale","16":"taxable","17":"shipping-taxable","18":"purchasable","19":"product-type-variable","20":"has-default-attributes","21":"wvs-archive-product-wrapper"},"_links":{"self":[{"href":"https:\/\/www.pomoline.com\/de\/wp-json\/wp\/v2\/product\/321746","targetHints":{"allow":["GET"]}}],"collection":[{"href":"https:\/\/www.pomoline.com\/de\/wp-json\/wp\/v2\/product"}],"about":[{"href":"https:\/\/www.pomoline.com\/de\/wp-json\/wp\/v2\/types\/product"}],"wp:featuredmedia":[{"embeddable":true,"href":"https:\/\/www.pomoline.com\/de\/wp-json\/wp\/v2\/media\/410548"}],"wp:attachment":[{"href":"https:\/\/www.pomoline.com\/de\/wp-json\/wp\/v2\/media?parent=321746"}],"wp:term":[{"taxonomy":"product_brand","embeddable":true,"href":"https:\/\/www.pomoline.com\/de\/wp-json\/wp\/v2\/product_brand?post=321746"},{"taxonomy":"product_cat","embeddable":true,"href":"https:\/\/www.pomoline.com\/de\/wp-json\/wp\/v2\/product_cat?post=321746"},{"taxonomy":"product_tag","embeddable":true,"href":"https:\/\/www.pomoline.com\/de\/wp-json\/wp\/v2\/product_tag?post=321746"}],"curies":[{"name":"wp","href":"https:\/\/api.w.org\/{rel}","templated":true}]}}