{"id":321766,"date":"2024-04-27T12:37:14","date_gmt":"2024-04-27T10:37:14","guid":{"rendered":"https:\/\/www.pomoline.com\/web-pruebas\/producto\/juego-2-manillas-para-puerta-con-placa-acabado-niquel-satinado\/"},"modified":"2025-03-14T00:32:25","modified_gmt":"2025-03-13T23:32:25","slug":"set-2-turgriffe-mit-platte-satin-nickel-atlasp","status":"publish","type":"product","link":"https:\/\/www.pomoline.com\/de\/produkt\/set-2-turgriffe-mit-platte-satin-nickel-atlasp\/","title":{"rendered":"SET AUS 2 T\u00dcRGRIFFEN MIT PLATTE MIT SATIN-NICKEL-FINISH"},"content":{"rendered":"<p>Innent\u00fcrgriffe aus Holz mit l\u00e4nglicher Platte aus Metall. Der Preis entspricht dem Set mit zwei Griffen und sie werden in einer Box mit 2 Einheiten geliefert. Bei diesem speziellen Modell handelt es sich um das MOD ATLASP-Set mit 2 T\u00fcrgriffen mit fertiger Platte<\/p>\n","protected":false},"excerpt":{"rendered":"<p>Innent\u00fcrgriffe aus Holz mit l\u00e4nglicher Platte aus Metall. Der Preis entspricht dem Set mit zwei Griffen und sie werden in einer Box mit 2 Einheiten geliefert. Bei diesem speziellen Modell handelt es sich um das MOD ATLASP-Set mit 2 T\u00fcrgriffen mit fertiger Platte<\/p>\n","protected":false},"featured_media":432102,"template":"","meta":{"_joinchat":[]},"product_brand":[],"product_cat":[1013],"product_tag":[],"class_list":{"0":"post-321766","1":"product","2":"type-product","3":"status-publish","4":"has-post-thumbnail","6":"product_cat-turgriffe-schiebe-turgriffe-rossette-turknopfe-schlusselloch-drehriegel-klinkenschloss","7":"pa_color-nickel-matt-schrank-griffe-griffe-wandaufhanger-turhaken-mobel-beine","8":"pa_tendencia-tur-innen-griffe","10":"first","11":"instock","12":"taxable","13":"shipping-taxable","14":"purchasable","15":"product-type-variable","16":"has-default-attributes","17":"wvs-archive-product-wrapper"},"_links":{"self":[{"href":"https:\/\/www.pomoline.com\/de\/wp-json\/wp\/v2\/product\/321766","targetHints":{"allow":["GET"]}}],"collection":[{"href":"https:\/\/www.pomoline.com\/de\/wp-json\/wp\/v2\/product"}],"about":[{"href":"https:\/\/www.pomoline.com\/de\/wp-json\/wp\/v2\/types\/product"}],"wp:featuredmedia":[{"embeddable":true,"href":"https:\/\/www.pomoline.com\/de\/wp-json\/wp\/v2\/media\/432102"}],"wp:attachment":[{"href":"https:\/\/www.pomoline.com\/de\/wp-json\/wp\/v2\/media?parent=321766"}],"wp:term":[{"taxonomy":"product_brand","embeddable":true,"href":"https:\/\/www.pomoline.com\/de\/wp-json\/wp\/v2\/product_brand?post=321766"},{"taxonomy":"product_cat","embeddable":true,"href":"https:\/\/www.pomoline.com\/de\/wp-json\/wp\/v2\/product_cat?post=321766"},{"taxonomy":"product_tag","embeddable":true,"href":"https:\/\/www.pomoline.com\/de\/wp-json\/wp\/v2\/product_tag?post=321766"}],"curies":[{"name":"wp","href":"https:\/\/api.w.org\/{rel}","templated":true}]}}