{"id":321774,"date":"2024-04-27T12:37:28","date_gmt":"2024-04-27T10:37:28","guid":{"rendered":"https:\/\/www.pomoline.com\/web-pruebas\/producto\/tirador-de-armario-en-laton-satinado-con-pomo-porcelana-crema\/"},"modified":"2025-03-14T00:31:52","modified_gmt":"2025-03-13T23:31:52","slug":"mobelknopf-aus-schrank-aus-messing-satiniert-mit-knopf-porzellan-cremefarben","status":"publish","type":"product","link":"https:\/\/www.pomoline.com\/de\/produkt\/mobelknopf-aus-schrank-aus-messing-satiniert-mit-knopf-porzellan-cremefarben\/","title":{"rendered":"M\u00d6BELKNOPF AUS SCHRANK AUS MESSING SATINIERT MIT KNOPF PORZELLAN CREMEFARBEN"},"content":{"rendered":"<p>Griffe f\u00fcr Schrankt\u00fcr und Innenschublade mit allem notwendigen Montagezubeh\u00f6r und mit sehr guter Metalllverarbeitung. Dieses besondere Modell ist MOD AR-VALEN M\u00f6belgriff von Schrank aus Messing satiniert mit M\u00f6belknopf Porzellan cremefarben<\/p>\n","protected":false},"excerpt":{"rendered":"<p>Griffe f\u00fcr Schrankt\u00fcr und Innenschublade mit allem notwendigen Montagezubeh\u00f6r und mit sehr guter Metalllverarbeitung. Dieses besondere Modell ist MOD AR-VALEN M\u00f6belgriff von Schrank aus Messing satiniert mit M\u00f6belknopf Porzellan cremefarben<\/p>\n","protected":false},"featured_media":410520,"template":"","meta":{"_joinchat":[]},"product_brand":[],"product_cat":[5358,5355,1013],"product_tag":[],"class_list":{"0":"post-321774","1":"product","2":"type-product","3":"status-publish","4":"has-post-thumbnail","6":"product_cat-ofertas-de","7":"product_cat-ofertas","8":"product_cat-turgriffe-schiebe-turgriffe-rossette-turknopfe-schlusselloch-drehriegel-klinkenschloss","9":"pa_color-gold-schrank-knauf-griffe-wandaufhanger-turhaken-mobel-beine","10":"pa_tendencia-kleiderschrank-schrank-griffe","12":"first","13":"instock","14":"sale","15":"taxable","16":"shipping-taxable","17":"purchasable","18":"product-type-variable","19":"has-default-attributes","20":"wvs-archive-product-wrapper"},"_links":{"self":[{"href":"https:\/\/www.pomoline.com\/de\/wp-json\/wp\/v2\/product\/321774","targetHints":{"allow":["GET"]}}],"collection":[{"href":"https:\/\/www.pomoline.com\/de\/wp-json\/wp\/v2\/product"}],"about":[{"href":"https:\/\/www.pomoline.com\/de\/wp-json\/wp\/v2\/types\/product"}],"wp:featuredmedia":[{"embeddable":true,"href":"https:\/\/www.pomoline.com\/de\/wp-json\/wp\/v2\/media\/410520"}],"wp:attachment":[{"href":"https:\/\/www.pomoline.com\/de\/wp-json\/wp\/v2\/media?parent=321774"}],"wp:term":[{"taxonomy":"product_brand","embeddable":true,"href":"https:\/\/www.pomoline.com\/de\/wp-json\/wp\/v2\/product_brand?post=321774"},{"taxonomy":"product_cat","embeddable":true,"href":"https:\/\/www.pomoline.com\/de\/wp-json\/wp\/v2\/product_cat?post=321774"},{"taxonomy":"product_tag","embeddable":true,"href":"https:\/\/www.pomoline.com\/de\/wp-json\/wp\/v2\/product_tag?post=321774"}],"curies":[{"name":"wp","href":"https:\/\/api.w.org\/{rel}","templated":true}]}}