{"id":321798,"date":"2024-04-27T12:38:03","date_gmt":"2024-04-27T10:38:03","guid":{"rendered":"https:\/\/www.pomoline.com\/web-pruebas\/producto\/percha-individual-doble-gancho-metal-cromado\/"},"modified":"2025-03-14T00:30:16","modified_gmt":"2025-03-13T23:30:16","slug":"wandgarderobe-individuell-doppel-haken-metall-verchromt","status":"publish","type":"product","link":"https:\/\/www.pomoline.com\/de\/produkt\/wandgarderobe-individuell-doppel-haken-metall-verchromt\/","title":{"rendered":"WANDGARDEROBE INDIVIDUELL DOPPEL HAKEN METALL VERCHROMT"},"content":{"rendered":"<p>Haken und K\u00fcchentuchhaken aus Metalll zur Befestigung an der Wand oder T\u00fcr mit den im T\u00fcte enthaltenen Schrauben und D\u00fcbeln. Es ist ein individueller Aufh\u00e4nger, der das Gewicht unterst\u00fctzt und sehr sch\u00f6n ist. Dieses besondere Modell ist MOD 984 Wandgarder<\/p>\n","protected":false},"excerpt":{"rendered":"<p>Haken und K\u00fcchentuchhaken aus Metalll zur Befestigung an der Wand oder T\u00fcr mit den im T\u00fcte enthaltenen Schrauben und D\u00fcbeln. Es ist ein individueller Aufh\u00e4nger, der das Gewicht unterst\u00fctzt und sehr sch\u00f6n ist. Dieses besondere Modell ist MOD 984 Wandgarder<\/p>\n","protected":false},"featured_media":410496,"template":"","meta":{"_joinchat":[]},"product_brand":[],"product_cat":[1005],"product_tag":[],"class_list":{"0":"post-321798","1":"product","2":"type-product","3":"status-publish","4":"has-post-thumbnail","6":"product_cat-wandgarderobe-hakengarderobe","7":"pa_color-schwarz-schrank-griffe-griffe-wandaufhanger-turhaken-mobelbeine","8":"pa_color-weis-schrank-griffe-griffe-wandhaken-turhaken-mobelbeine","9":"pa_color-chrom-schrank-knauf-griffe-wandaufhanger-turhaken-mobel-beine","10":"pa_tendencia-wandhaken-aufhanger","12":"first","13":"instock","14":"taxable","15":"shipping-taxable","16":"purchasable","17":"product-type-variable","18":"has-default-attributes","19":"wvs-archive-product-wrapper"},"_links":{"self":[{"href":"https:\/\/www.pomoline.com\/de\/wp-json\/wp\/v2\/product\/321798","targetHints":{"allow":["GET"]}}],"collection":[{"href":"https:\/\/www.pomoline.com\/de\/wp-json\/wp\/v2\/product"}],"about":[{"href":"https:\/\/www.pomoline.com\/de\/wp-json\/wp\/v2\/types\/product"}],"wp:featuredmedia":[{"embeddable":true,"href":"https:\/\/www.pomoline.com\/de\/wp-json\/wp\/v2\/media\/410496"}],"wp:attachment":[{"href":"https:\/\/www.pomoline.com\/de\/wp-json\/wp\/v2\/media?parent=321798"}],"wp:term":[{"taxonomy":"product_brand","embeddable":true,"href":"https:\/\/www.pomoline.com\/de\/wp-json\/wp\/v2\/product_brand?post=321798"},{"taxonomy":"product_cat","embeddable":true,"href":"https:\/\/www.pomoline.com\/de\/wp-json\/wp\/v2\/product_cat?post=321798"},{"taxonomy":"product_tag","embeddable":true,"href":"https:\/\/www.pomoline.com\/de\/wp-json\/wp\/v2\/product_tag?post=321798"}],"curies":[{"name":"wp","href":"https:\/\/api.w.org\/{rel}","templated":true}]}}