{"id":321846,"date":"2024-04-27T12:39:11","date_gmt":"2024-04-27T10:39:11","guid":{"rendered":"https:\/\/www.pomoline.com\/web-pruebas\/producto\/gancho-puerta-con-pomo-serigraf-flores-perchero-infantil\/"},"modified":"2025-03-14T00:26:57","modified_gmt":"2025-03-13T23:26:57","slug":"haken-tur-mit-knopf-siebdruck-blumen-garderobe-kindlich","status":"publish","type":"product","link":"https:\/\/www.pomoline.com\/de\/produkt\/haken-tur-mit-knopf-siebdruck-blumen-garderobe-kindlich\/","title":{"rendered":"HAKEN T\u00dcR MIT KNOPF SIEBDRUCK BLUMEN | GARDEROBE KINDLICH"},"content":{"rendered":"<p>Aufh\u00e4nger und Haken an der T\u00fcr ideal f\u00fcr die Innent\u00fcr des Badezimmers oder Kinderzimmers. Dieses besondere Modell ist MOD 943F3 Haken T\u00fcr mit M\u00f6belknopf Siebdruck Blumen | Wandgarderobe kindlich<\/p>\n","protected":false},"excerpt":{"rendered":"<p>Aufh\u00e4nger und Haken an der T\u00fcr ideal f\u00fcr die Innent\u00fcr des Badezimmers oder Kinderzimmers. Dieses besondere Modell ist MOD 943F3 Haken T\u00fcr mit M\u00f6belknopf Siebdruck Blumen | Wandgarderobe kindlich<\/p>\n","protected":false},"featured_media":410448,"template":"","meta":{"_joinchat":[]},"product_brand":[],"product_cat":[5183],"product_tag":[],"class_list":{"0":"post-321846","1":"product","2":"type-product","3":"status-publish","4":"has-post-thumbnail","6":"product_cat-garderobenstander-kleiderbugel-uber-der-tur","7":"pa_color-weis-schrank-griffe-griffe-wandhaken-turhaken-mobelbeine","8":"pa_color-magenta-schrank-knauf-griffe-wandaufhanger-turhaken-mobel-beine","9":"pa_color-pink-schrank-knauf-griffe-wandaufhanger-turhaken-mobel-beine","10":"pa_color-fantasy-schrank-knopfe-griffe-wandhanger-turhaken-mobelbeine","11":"pa_tendencia-uber-tur-aufhanger-fur-kinder-kind","13":"first","14":"instock","15":"taxable","16":"shipping-taxable","17":"purchasable","18":"product-type-variable","19":"has-default-attributes","20":"wvs-archive-product-wrapper"},"_links":{"self":[{"href":"https:\/\/www.pomoline.com\/de\/wp-json\/wp\/v2\/product\/321846","targetHints":{"allow":["GET"]}}],"collection":[{"href":"https:\/\/www.pomoline.com\/de\/wp-json\/wp\/v2\/product"}],"about":[{"href":"https:\/\/www.pomoline.com\/de\/wp-json\/wp\/v2\/types\/product"}],"wp:featuredmedia":[{"embeddable":true,"href":"https:\/\/www.pomoline.com\/de\/wp-json\/wp\/v2\/media\/410448"}],"wp:attachment":[{"href":"https:\/\/www.pomoline.com\/de\/wp-json\/wp\/v2\/media?parent=321846"}],"wp:term":[{"taxonomy":"product_brand","embeddable":true,"href":"https:\/\/www.pomoline.com\/de\/wp-json\/wp\/v2\/product_brand?post=321846"},{"taxonomy":"product_cat","embeddable":true,"href":"https:\/\/www.pomoline.com\/de\/wp-json\/wp\/v2\/product_cat?post=321846"},{"taxonomy":"product_tag","embeddable":true,"href":"https:\/\/www.pomoline.com\/de\/wp-json\/wp\/v2\/product_tag?post=321846"}],"curies":[{"name":"wp","href":"https:\/\/api.w.org\/{rel}","templated":true}]}}