{"id":321850,"date":"2024-04-27T12:39:17","date_gmt":"2024-04-27T10:39:17","guid":{"rendered":"https:\/\/www.pomoline.com\/web-pruebas\/producto\/gancho-puerta-con-pomo-serigraf-buhito-perchero-infantil\/"},"modified":"2025-03-14T00:26:42","modified_gmt":"2025-03-13T23:26:42","slug":"haken-tur-mit-knopf-siebdruck-uhu-garderobe-kindlich","status":"publish","type":"product","link":"https:\/\/www.pomoline.com\/de\/produkt\/haken-tur-mit-knopf-siebdruck-uhu-garderobe-kindlich\/","title":{"rendered":"HAKEN T\u00dcR MIT KNOPF SIEBDRUCK UHU | GARDEROBE KINDLICH"},"content":{"rendered":"<p>Aufh\u00e4nger und Haken an der T\u00fcr ideal f\u00fcr die Innent\u00fcr des Badezimmers oder Kinderzimmers. Dieses besondere Modell ist MOD 943F2 Haken T\u00fcr mit M\u00f6belknopf Siebdruck Uhu | Wandgarderobe kindlich<\/p>\n","protected":false},"excerpt":{"rendered":"<p>Aufh\u00e4nger und Haken an der T\u00fcr ideal f\u00fcr die Innent\u00fcr des Badezimmers oder Kinderzimmers. Dieses besondere Modell ist MOD 943F2 Haken T\u00fcr mit M\u00f6belknopf Siebdruck Uhu | Wandgarderobe kindlich<\/p>\n","protected":false},"featured_media":410444,"template":"","meta":{"_joinchat":[]},"product_brand":[],"product_cat":[5183],"product_tag":[],"class_list":{"0":"post-321850","1":"product","2":"type-product","3":"status-publish","4":"has-post-thumbnail","6":"product_cat-garderobenstander-kleiderbugel-uber-der-tur","7":"pa_color-pink-schrank-knauf-griffe-wandaufhanger-turhaken-mobel-beine","8":"pa_tendencia-uber-tur-aufhanger-fur-kinder-kind","10":"first","11":"instock","12":"taxable","13":"shipping-taxable","14":"purchasable","15":"product-type-variable","16":"has-default-attributes","17":"wvs-archive-product-wrapper"},"_links":{"self":[{"href":"https:\/\/www.pomoline.com\/de\/wp-json\/wp\/v2\/product\/321850","targetHints":{"allow":["GET"]}}],"collection":[{"href":"https:\/\/www.pomoline.com\/de\/wp-json\/wp\/v2\/product"}],"about":[{"href":"https:\/\/www.pomoline.com\/de\/wp-json\/wp\/v2\/types\/product"}],"wp:featuredmedia":[{"embeddable":true,"href":"https:\/\/www.pomoline.com\/de\/wp-json\/wp\/v2\/media\/410444"}],"wp:attachment":[{"href":"https:\/\/www.pomoline.com\/de\/wp-json\/wp\/v2\/media?parent=321850"}],"wp:term":[{"taxonomy":"product_brand","embeddable":true,"href":"https:\/\/www.pomoline.com\/de\/wp-json\/wp\/v2\/product_brand?post=321850"},{"taxonomy":"product_cat","embeddable":true,"href":"https:\/\/www.pomoline.com\/de\/wp-json\/wp\/v2\/product_cat?post=321850"},{"taxonomy":"product_tag","embeddable":true,"href":"https:\/\/www.pomoline.com\/de\/wp-json\/wp\/v2\/product_tag?post=321850"}],"curies":[{"name":"wp","href":"https:\/\/api.w.org\/{rel}","templated":true}]}}