{"id":321858,"date":"2024-04-27T12:39:32","date_gmt":"2024-04-27T10:39:32","guid":{"rendered":"https:\/\/www.pomoline.com\/web-pruebas\/producto\/gancho-puerta-con-pomo-serigraf-barco-coche-perchero-infantil\/"},"modified":"2025-03-14T00:26:09","modified_gmt":"2025-03-13T23:26:09","slug":"haken-tur-mit-knopf-siebdruck-schiff-wagen-garderobe-kindlich","status":"publish","type":"product","link":"https:\/\/www.pomoline.com\/de\/produkt\/haken-tur-mit-knopf-siebdruck-schiff-wagen-garderobe-kindlich\/","title":{"rendered":"HAKEN T\u00dcR MIT KNOPF SIEBDRUCK SCHIFF WAGEN | GARDEROBE KINDLICH"},"content":{"rendered":"<p>Aufh\u00e4nger und Haken an der T\u00fcr ideal f\u00fcr die Innent\u00fcr des Badezimmers oder Kinderzimmers. Dieses besondere Modell ist MOD 943F0 Haken T\u00fcr mit M\u00f6belknopf Siebdruck Schiff Wagen | Wandgarderobe kindlich<\/p>\n","protected":false},"excerpt":{"rendered":"<p>Aufh\u00e4nger und Haken an der T\u00fcr ideal f\u00fcr die Innent\u00fcr des Badezimmers oder Kinderzimmers. Dieses besondere Modell ist MOD 943F0 Haken T\u00fcr mit M\u00f6belknopf Siebdruck Schiff Wagen | Wandgarderobe kindlich<\/p>\n","protected":false},"featured_media":410436,"template":"","meta":{"_joinchat":[]},"product_brand":[],"product_cat":[5183],"product_tag":[],"class_list":{"0":"post-321858","1":"product","2":"type-product","3":"status-publish","4":"has-post-thumbnail","6":"product_cat-garderobenstander-kleiderbugel-uber-der-tur","7":"pa_color-hellblau-schrankgriffe-griffe-wandaufhanger-turhaken-mobelbeine","8":"pa_tendencia-uber-tur-aufhanger-fur-kinder-kind","10":"first","11":"instock","12":"taxable","13":"shipping-taxable","14":"purchasable","15":"product-type-variable","16":"has-default-attributes","17":"wvs-archive-product-wrapper"},"_links":{"self":[{"href":"https:\/\/www.pomoline.com\/de\/wp-json\/wp\/v2\/product\/321858","targetHints":{"allow":["GET"]}}],"collection":[{"href":"https:\/\/www.pomoline.com\/de\/wp-json\/wp\/v2\/product"}],"about":[{"href":"https:\/\/www.pomoline.com\/de\/wp-json\/wp\/v2\/types\/product"}],"wp:featuredmedia":[{"embeddable":true,"href":"https:\/\/www.pomoline.com\/de\/wp-json\/wp\/v2\/media\/410436"}],"wp:attachment":[{"href":"https:\/\/www.pomoline.com\/de\/wp-json\/wp\/v2\/media?parent=321858"}],"wp:term":[{"taxonomy":"product_brand","embeddable":true,"href":"https:\/\/www.pomoline.com\/de\/wp-json\/wp\/v2\/product_brand?post=321858"},{"taxonomy":"product_cat","embeddable":true,"href":"https:\/\/www.pomoline.com\/de\/wp-json\/wp\/v2\/product_cat?post=321858"},{"taxonomy":"product_tag","embeddable":true,"href":"https:\/\/www.pomoline.com\/de\/wp-json\/wp\/v2\/product_tag?post=321858"}],"curies":[{"name":"wp","href":"https:\/\/api.w.org\/{rel}","templated":true}]}}