{"id":321862,"date":"2024-04-27T12:39:39","date_gmt":"2024-04-27T10:39:39","guid":{"rendered":"https:\/\/www.pomoline.com\/web-pruebas\/producto\/gancho-puerta-cromado-con-flor-amarillo-tanslucido-perchero-colgador\/"},"modified":"2025-03-14T00:25:51","modified_gmt":"2025-03-13T23:25:51","slug":"haken-tur-verchromt-mit-blume-gelb-durchscheinend-garderobe-aufhanger","status":"publish","type":"product","link":"https:\/\/www.pomoline.com\/de\/produkt\/haken-tur-verchromt-mit-blume-gelb-durchscheinend-garderobe-aufhanger\/","title":{"rendered":"HAKEN T\u00dcR VERCHROMT MIT BLUME GELB DURCHSCHEINEND | GARDEROBE AUFH\u00c4NGER"},"content":{"rendered":"<p>Aufh\u00e4nger und Haken an der T\u00fcr ideal f\u00fcr die Innent\u00fcr des Badezimmers oder Kinderzimmers. Dieses besondere Modell ist MOD 943E Haken T\u00fcr verchromt mit Blume gelb durchscheinend | Garderobe Aufh\u00e4nger<\/p>\n","protected":false},"excerpt":{"rendered":"<p>Aufh\u00e4nger und Haken an der T\u00fcr ideal f\u00fcr die Innent\u00fcr des Badezimmers oder Kinderzimmers. Dieses besondere Modell ist MOD 943E Haken T\u00fcr verchromt mit Blume gelb durchscheinend | Garderobe Aufh\u00e4nger<\/p>\n","protected":false},"featured_media":410432,"template":"","meta":{"_joinchat":[]},"product_brand":[],"product_cat":[5183],"product_tag":[],"class_list":{"0":"post-321862","1":"product","2":"type-product","3":"status-publish","4":"has-post-thumbnail","6":"product_cat-garderobenstander-kleiderbugel-uber-der-tur","7":"pa_color-grun-schrank-griffe-griffe-wandaufhanger-turhaken-mobel-beine","8":"pa_color-gelb-schrank-griffe-griffe-wandaufhanger-turhaken-mobel-beine","9":"pa_color-bernstein-schrank-knopfe-griffe-wand-aufhanger-turhaken-mobel-beine","10":"pa_color-blau-schrank-knauf-griffe-wandaufhanger-turhaken-mobel-beine","11":"pa_color-eisschrank-knopfe-griffe-wandhanger-turhaken-mobelbeine","12":"pa_color-lila-schrankknopfe-griffe-wandhaken-turhaken-mobelbeine","13":"pa_color-magenta-schrank-knauf-griffe-wandaufhanger-turhaken-mobel-beine","14":"pa_color-orange-schrank-griffe-griffe-wandaufhanger-turhaken-mobel-beine","15":"pa_color-pistazie-grun-schrankknopfe-griffe-wandhaken-turhaken-mobelbeine","16":"pa_tendencia-uber-tur-aufhanger-fur-kinder-kind","18":"first","19":"instock","20":"taxable","21":"shipping-taxable","22":"purchasable","23":"product-type-variable","24":"has-default-attributes","25":"wvs-archive-product-wrapper"},"_links":{"self":[{"href":"https:\/\/www.pomoline.com\/de\/wp-json\/wp\/v2\/product\/321862","targetHints":{"allow":["GET"]}}],"collection":[{"href":"https:\/\/www.pomoline.com\/de\/wp-json\/wp\/v2\/product"}],"about":[{"href":"https:\/\/www.pomoline.com\/de\/wp-json\/wp\/v2\/types\/product"}],"wp:featuredmedia":[{"embeddable":true,"href":"https:\/\/www.pomoline.com\/de\/wp-json\/wp\/v2\/media\/410432"}],"wp:attachment":[{"href":"https:\/\/www.pomoline.com\/de\/wp-json\/wp\/v2\/media?parent=321862"}],"wp:term":[{"taxonomy":"product_brand","embeddable":true,"href":"https:\/\/www.pomoline.com\/de\/wp-json\/wp\/v2\/product_brand?post=321862"},{"taxonomy":"product_cat","embeddable":true,"href":"https:\/\/www.pomoline.com\/de\/wp-json\/wp\/v2\/product_cat?post=321862"},{"taxonomy":"product_tag","embeddable":true,"href":"https:\/\/www.pomoline.com\/de\/wp-json\/wp\/v2\/product_tag?post=321862"}],"curies":[{"name":"wp","href":"https:\/\/api.w.org\/{rel}","templated":true}]}}