{"id":321874,"date":"2024-04-27T12:40:06","date_gmt":"2024-04-27T10:40:06","guid":{"rendered":"https:\/\/www.pomoline.com\/web-pruebas\/producto\/percha-gancho-puerta-para-montar-pomo-mueble\/"},"modified":"2025-03-14T00:25:02","modified_gmt":"2025-03-13T23:25:02","slug":"wandgarderobe-haken-tur-fur-montieren-knopf-mobel","status":"publish","type":"product","link":"https:\/\/www.pomoline.com\/de\/produkt\/wandgarderobe-haken-tur-fur-montieren-knopf-mobel\/","title":{"rendered":"WANDGARDEROBE HAKEN T\u00dcR F\u00dcR MONTIEREN KNOPF M\u00d6BEL"},"content":{"rendered":"<p>Aufh\u00e4nger und Haken an der T\u00fcr ideal f\u00fcr die Innent\u00fcr des Badezimmers oder Kinderzimmers. Dieses besondere Modell ist MOD 943 Wandgarderobe Haken T\u00fcr f\u00fcr montieren M\u00f6belknopf M\u00f6bel<\/p>\n","protected":false},"excerpt":{"rendered":"<p>Aufh\u00e4nger und Haken an der T\u00fcr ideal f\u00fcr die Innent\u00fcr des Badezimmers oder Kinderzimmers. Dieses besondere Modell ist MOD 943 Wandgarderobe Haken T\u00fcr f\u00fcr montieren M\u00f6belknopf M\u00f6bel<\/p>\n","protected":false},"featured_media":410420,"template":"","meta":{"_joinchat":[]},"product_brand":[],"product_cat":[5183],"product_tag":[],"class_list":{"0":"post-321874","1":"product","2":"type-product","3":"status-publish","4":"has-post-thumbnail","6":"product_cat-garderobenstander-kleiderbugel-uber-der-tur","7":"pa_color-chrom-schrank-knauf-griffe-wandaufhanger-turhaken-mobel-beine","8":"pa_tendencia-uber-tur-kleiderbugel-wohndeko","10":"first","11":"instock","12":"taxable","13":"shipping-taxable","14":"purchasable","15":"product-type-variable","16":"has-default-attributes","17":"wvs-archive-product-wrapper"},"_links":{"self":[{"href":"https:\/\/www.pomoline.com\/de\/wp-json\/wp\/v2\/product\/321874","targetHints":{"allow":["GET"]}}],"collection":[{"href":"https:\/\/www.pomoline.com\/de\/wp-json\/wp\/v2\/product"}],"about":[{"href":"https:\/\/www.pomoline.com\/de\/wp-json\/wp\/v2\/types\/product"}],"wp:featuredmedia":[{"embeddable":true,"href":"https:\/\/www.pomoline.com\/de\/wp-json\/wp\/v2\/media\/410420"}],"wp:attachment":[{"href":"https:\/\/www.pomoline.com\/de\/wp-json\/wp\/v2\/media?parent=321874"}],"wp:term":[{"taxonomy":"product_brand","embeddable":true,"href":"https:\/\/www.pomoline.com\/de\/wp-json\/wp\/v2\/product_brand?post=321874"},{"taxonomy":"product_cat","embeddable":true,"href":"https:\/\/www.pomoline.com\/de\/wp-json\/wp\/v2\/product_cat?post=321874"},{"taxonomy":"product_tag","embeddable":true,"href":"https:\/\/www.pomoline.com\/de\/wp-json\/wp\/v2\/product_tag?post=321874"}],"curies":[{"name":"wp","href":"https:\/\/api.w.org\/{rel}","templated":true}]}}