{"id":321890,"date":"2024-04-27T12:40:35","date_gmt":"2024-04-27T10:40:35","guid":{"rendered":"https:\/\/www.pomoline.com\/web-pruebas\/producto\/percha-pared-3-ganchos-madera-laca-blanca-340x75mm\/"},"modified":"2025-03-14T00:23:57","modified_gmt":"2025-03-13T23:23:57","slug":"wandgarderobe-wand-3-haken-holz-lack-weiss-340x75mm","status":"publish","type":"product","link":"https:\/\/www.pomoline.com\/de\/produkt\/wandgarderobe-wand-3-haken-holz-lack-weiss-340x75mm\/","title":{"rendered":"WANDGARDEROBE WAND 3 HAKEN HOLZ LACK WEISS 340x75MM"},"content":{"rendered":"<p>Aufh\u00e4nger und Haken f\u00fcr die Wandmontage. Gemacht aus Holz und Metall mit sehr attraktiven klassischen und modernen Designs f\u00fcr die Heimdekoration. Dieses besondere Modell ist MOD 933 Wandgarderobe 3 Haken Holz Lack weiss 340x75mm<\/p>\n","protected":false},"excerpt":{"rendered":"<p>Aufh\u00e4nger und Haken f\u00fcr die Wandmontage. Gemacht aus Holz und Metall mit sehr attraktiven klassischen und modernen Designs f\u00fcr die Heimdekoration. Dieses besondere Modell ist MOD 933 Wandgarderobe 3 Haken Holz Lack weiss 340x75mm<\/p>\n","protected":false},"featured_media":410404,"template":"","meta":{"_joinchat":[]},"product_brand":[],"product_cat":[5358,5355,1005],"product_tag":[],"class_list":{"0":"post-321890","1":"product","2":"type-product","3":"status-publish","4":"has-post-thumbnail","6":"product_cat-ofertas-de","7":"product_cat-ofertas","8":"product_cat-wandgarderobe-hakengarderobe","9":"pa_color-natur-buche-schrank-knauf-griffe-wandaufhanger-turhaken-mobel-beine","10":"pa_color-weis-schrank-griffe-griffe-wandhaken-turhaken-mobelbeine","11":"pa_color-buche-honig-schrank-knopfe-griffe-wandhanger-turhaken-mobelbeine","12":"pa_color-wengue-schrank-knaufe-griffe-wandaufhanger-turhaken-mobel-beine","13":"pa_tendencia-moderne-wandaufhanger-wohnkultur","15":"first","16":"instock","17":"sale","18":"taxable","19":"shipping-taxable","20":"purchasable","21":"product-type-variable","22":"has-default-attributes","23":"wvs-archive-product-wrapper"},"_links":{"self":[{"href":"https:\/\/www.pomoline.com\/de\/wp-json\/wp\/v2\/product\/321890","targetHints":{"allow":["GET"]}}],"collection":[{"href":"https:\/\/www.pomoline.com\/de\/wp-json\/wp\/v2\/product"}],"about":[{"href":"https:\/\/www.pomoline.com\/de\/wp-json\/wp\/v2\/types\/product"}],"wp:featuredmedia":[{"embeddable":true,"href":"https:\/\/www.pomoline.com\/de\/wp-json\/wp\/v2\/media\/410404"}],"wp:attachment":[{"href":"https:\/\/www.pomoline.com\/de\/wp-json\/wp\/v2\/media?parent=321890"}],"wp:term":[{"taxonomy":"product_brand","embeddable":true,"href":"https:\/\/www.pomoline.com\/de\/wp-json\/wp\/v2\/product_brand?post=321890"},{"taxonomy":"product_cat","embeddable":true,"href":"https:\/\/www.pomoline.com\/de\/wp-json\/wp\/v2\/product_cat?post=321890"},{"taxonomy":"product_tag","embeddable":true,"href":"https:\/\/www.pomoline.com\/de\/wp-json\/wp\/v2\/product_tag?post=321890"}],"curies":[{"name":"wp","href":"https:\/\/api.w.org\/{rel}","templated":true}]}}