{"id":321906,"date":"2024-04-27T12:41:02","date_gmt":"2024-04-27T10:41:02","guid":{"rendered":"https:\/\/www.pomoline.com\/web-pruebas\/producto\/percha-pared-pomos-lacada-llaves-vintage-retro\/"},"modified":"2025-03-14T00:22:52","modified_gmt":"2025-03-13T23:22:52","slug":"wandgarderobe-wand-knopfe-lackiert-schlussel-vintage-retro","status":"publish","type":"product","link":"https:\/\/www.pomoline.com\/de\/produkt\/wandgarderobe-wand-knopfe-lackiert-schlussel-vintage-retro\/","title":{"rendered":"WANDGARDEROBE WAND KN\u00d6PFE LACKIERT SCHL\u00dcSSEL VINTAGE RETRO"},"content":{"rendered":"<p>Wandh\u00e4nger aus gebeiztem und gealtertem Naturholz mit Retro- und Vintage-Designs. Bei diesem speziellen Modell handelt es sich um einen MOD 9092 Wandhalter mit lackierten Kn\u00f6pfen im Vintage-Retro-Stil<\/p>\n","protected":false},"excerpt":{"rendered":"<p>Wandh\u00e4nger aus gebeiztem und gealtertem Naturholz mit Retro- und Vintage-Designs. Bei diesem speziellen Modell handelt es sich um einen MOD 9092 Wandhalter mit lackierten Kn\u00f6pfen im Vintage-Retro-Stil<\/p>\n","protected":false},"featured_media":410388,"template":"","meta":{"_joinchat":[]},"product_brand":[],"product_cat":[5358,5355,1005],"product_tag":[],"class_list":{"0":"post-321906","1":"product","2":"type-product","3":"status-publish","4":"has-post-thumbnail","6":"product_cat-ofertas-de","7":"product_cat-ofertas","8":"product_cat-wandgarderobe-hakengarderobe","9":"pa_color-weis-schrank-griffe-griffe-wandhaken-turhaken-mobelbeine","10":"pa_color-alte-buche-schrank-knauf-griffe-wandaufhanger-turhaken-mobel-beine","11":"pa_color-alter-kirschbaum-schrank-knauf-griffe-wandaufhanger-turhaken-mobelbeine","12":"pa_color-nussbaum-schrank-knopfe-griffe-wandaufhanger-turhaken-mobelbeine","13":"pa_tendencia-retro-wandhanger-wohnkultur","15":"first","16":"instock","17":"sale","18":"taxable","19":"shipping-taxable","20":"purchasable","21":"product-type-variable","22":"has-default-attributes","23":"wvs-archive-product-wrapper"},"_links":{"self":[{"href":"https:\/\/www.pomoline.com\/de\/wp-json\/wp\/v2\/product\/321906","targetHints":{"allow":["GET"]}}],"collection":[{"href":"https:\/\/www.pomoline.com\/de\/wp-json\/wp\/v2\/product"}],"about":[{"href":"https:\/\/www.pomoline.com\/de\/wp-json\/wp\/v2\/types\/product"}],"wp:featuredmedia":[{"embeddable":true,"href":"https:\/\/www.pomoline.com\/de\/wp-json\/wp\/v2\/media\/410388"}],"wp:attachment":[{"href":"https:\/\/www.pomoline.com\/de\/wp-json\/wp\/v2\/media?parent=321906"}],"wp:term":[{"taxonomy":"product_brand","embeddable":true,"href":"https:\/\/www.pomoline.com\/de\/wp-json\/wp\/v2\/product_brand?post=321906"},{"taxonomy":"product_cat","embeddable":true,"href":"https:\/\/www.pomoline.com\/de\/wp-json\/wp\/v2\/product_cat?post=321906"},{"taxonomy":"product_tag","embeddable":true,"href":"https:\/\/www.pomoline.com\/de\/wp-json\/wp\/v2\/product_tag?post=321906"}],"curies":[{"name":"wp","href":"https:\/\/api.w.org\/{rel}","templated":true}]}}