{"id":322094,"date":"2024-04-27T12:45:55","date_gmt":"2024-04-27T10:45:55","guid":{"rendered":"https:\/\/www.pomoline.com\/web-pruebas\/producto\/percha-pared-pomos-abs-colores-base-abs-blanco\/"},"modified":"2025-03-14T00:10:02","modified_gmt":"2025-03-13T23:10:02","slug":"wandgarderobe-wand-knopfe-abs-farben-basis-abs-weiss","status":"publish","type":"product","link":"https:\/\/www.pomoline.com\/de\/produkt\/wandgarderobe-wand-knopfe-abs-farben-basis-abs-weiss\/","title":{"rendered":"WANDGARDEROBE WAND KN\u00d6PFE ABS FARBEN | BASIS ABS WEISS"},"content":{"rendered":"<p>Preiswerte Kinderb\u00fcgel und Wandhaken aus Kunstharz mit Siebdruck oder farbig. Dieses besondere Modell ist MOD 9062 Wandgarderobe M\u00f6belkn\u00f6pfe ABS Farben | Basis ABS wei\u00df<\/p>\n","protected":false},"excerpt":{"rendered":"<p>Preiswerte Kinderb\u00fcgel und Wandhaken aus Kunstharz mit Siebdruck oder farbig. Dieses besondere Modell ist MOD 9062 Wandgarderobe M\u00f6belkn\u00f6pfe ABS Farben | Basis ABS wei\u00df<\/p>\n","protected":false},"featured_media":410200,"template":"","meta":{"_joinchat":[]},"product_brand":[],"product_cat":[1005],"product_tag":[],"class_list":{"0":"post-322094","1":"product","2":"type-product","3":"status-publish","4":"has-post-thumbnail","6":"product_cat-wandgarderobe-hakengarderobe","7":"pa_color-grun-schrank-griffe-griffe-wandaufhanger-turhaken-mobel-beine","8":"pa_color-weis-schrank-griffe-griffe-wandhaken-turhaken-mobelbeine","9":"pa_color-gelb-schrank-griffe-griffe-wandaufhanger-turhaken-mobel-beine","10":"pa_color-blau-schrank-knauf-griffe-wandaufhanger-turhaken-mobel-beine","11":"pa_color-hellblau-schrankgriffe-griffe-wandaufhanger-turhaken-mobelbeine","12":"pa_color-lila-schrank-knauf-griffe-wandaufhanger-turhaken-mobel-beine","13":"pa_color-magenta-schrank-knauf-griffe-wandaufhanger-turhaken-mobel-beine","14":"pa_color-orange-schrank-griffe-griffe-wandaufhanger-turhaken-mobel-beine","15":"pa_color-pistazie-grun-schrankknopfe-griffe-wandhaken-turhaken-mobelbeine","16":"pa_color-pink-schrank-knauf-griffe-wandaufhanger-turhaken-mobel-beine","17":"pa_color-rot-schrank-knauf-griffe-wandaufhanger-turhaken-mobel-beine","18":"pa_color-fantasy-schrank-knopfe-griffe-wandhanger-turhaken-mobelbeine","19":"pa_tendencia-kinder-kind-wandhanger","21":"first","22":"instock","23":"taxable","24":"shipping-taxable","25":"purchasable","26":"product-type-variable","27":"has-default-attributes","28":"wvs-archive-product-wrapper"},"_links":{"self":[{"href":"https:\/\/www.pomoline.com\/de\/wp-json\/wp\/v2\/product\/322094","targetHints":{"allow":["GET"]}}],"collection":[{"href":"https:\/\/www.pomoline.com\/de\/wp-json\/wp\/v2\/product"}],"about":[{"href":"https:\/\/www.pomoline.com\/de\/wp-json\/wp\/v2\/types\/product"}],"wp:featuredmedia":[{"embeddable":true,"href":"https:\/\/www.pomoline.com\/de\/wp-json\/wp\/v2\/media\/410200"}],"wp:attachment":[{"href":"https:\/\/www.pomoline.com\/de\/wp-json\/wp\/v2\/media?parent=322094"}],"wp:term":[{"taxonomy":"product_brand","embeddable":true,"href":"https:\/\/www.pomoline.com\/de\/wp-json\/wp\/v2\/product_brand?post=322094"},{"taxonomy":"product_cat","embeddable":true,"href":"https:\/\/www.pomoline.com\/de\/wp-json\/wp\/v2\/product_cat?post=322094"},{"taxonomy":"product_tag","embeddable":true,"href":"https:\/\/www.pomoline.com\/de\/wp-json\/wp\/v2\/product_tag?post=322094"}],"curies":[{"name":"wp","href":"https:\/\/api.w.org\/{rel}","templated":true}]}}