{"id":322130,"date":"2024-04-27T12:46:44","date_gmt":"2024-04-27T10:46:44","guid":{"rendered":"https:\/\/www.pomoline.com\/web-pruebas\/producto\/percha-abs-lacado-blanco-pomos-topos-perchero-pared-ninos-infantil\/"},"modified":"2025-03-14T00:07:36","modified_gmt":"2025-03-13T23:07:36","slug":"wandgarderobe-abs-lackiert-weiss-knopfe-punkte-garderobe-wand-kinder-kindlich","status":"publish","type":"product","link":"https:\/\/www.pomoline.com\/de\/produkt\/wandgarderobe-abs-lackiert-weiss-knopfe-punkte-garderobe-wand-kinder-kindlich\/","title":{"rendered":"WANDGARDEROBE ABS LACKIERT WEISS KN\u00d6PFE PUNKTE | GARDEROBE WAND KINDER KINDLICH"},"content":{"rendered":"<p>Preiswerte Kinderb\u00fcgel und Wandhaken aus Kunstharz mit Siebdruck oder farbig. Dieses besondere Modell ist MOD 9053 Wandgarderobe ABS lackiert wei\u00df M\u00f6belkn\u00f6pfe PUNKTE | Wandgarderobe Kinder kindlich<\/p>\n","protected":false},"excerpt":{"rendered":"<p>Preiswerte Kinderb\u00fcgel und Wandhaken aus Kunstharz mit Siebdruck oder farbig. Dieses besondere Modell ist MOD 9053 Wandgarderobe ABS lackiert wei\u00df M\u00f6belkn\u00f6pfe PUNKTE | Wandgarderobe Kinder kindlich<\/p>\n","protected":false},"featured_media":410164,"template":"","meta":{"_joinchat":[]},"product_brand":[],"product_cat":[5358,5355,1005],"product_tag":[],"class_list":{"0":"post-322130","1":"product","2":"type-product","3":"status-publish","4":"has-post-thumbnail","6":"product_cat-ofertas-de","7":"product_cat-ofertas","8":"product_cat-wandgarderobe-hakengarderobe","9":"pa_color-weis-schrank-griffe-griffe-wandhaken-turhaken-mobelbeine","10":"pa_tendencia-kinder-kind-wandhanger","12":"first","13":"instock","14":"sale","15":"taxable","16":"shipping-taxable","17":"purchasable","18":"product-type-variable","19":"has-default-attributes","20":"wvs-archive-product-wrapper"},"_links":{"self":[{"href":"https:\/\/www.pomoline.com\/de\/wp-json\/wp\/v2\/product\/322130","targetHints":{"allow":["GET"]}}],"collection":[{"href":"https:\/\/www.pomoline.com\/de\/wp-json\/wp\/v2\/product"}],"about":[{"href":"https:\/\/www.pomoline.com\/de\/wp-json\/wp\/v2\/types\/product"}],"wp:featuredmedia":[{"embeddable":true,"href":"https:\/\/www.pomoline.com\/de\/wp-json\/wp\/v2\/media\/410164"}],"wp:attachment":[{"href":"https:\/\/www.pomoline.com\/de\/wp-json\/wp\/v2\/media?parent=322130"}],"wp:term":[{"taxonomy":"product_brand","embeddable":true,"href":"https:\/\/www.pomoline.com\/de\/wp-json\/wp\/v2\/product_brand?post=322130"},{"taxonomy":"product_cat","embeddable":true,"href":"https:\/\/www.pomoline.com\/de\/wp-json\/wp\/v2\/product_cat?post=322130"},{"taxonomy":"product_tag","embeddable":true,"href":"https:\/\/www.pomoline.com\/de\/wp-json\/wp\/v2\/product_tag?post=322130"}],"curies":[{"name":"wp","href":"https:\/\/api.w.org\/{rel}","templated":true}]}}