{"id":322134,"date":"2024-04-27T12:46:50","date_gmt":"2024-04-27T10:46:50","guid":{"rendered":"https:\/\/www.pomoline.com\/web-pruebas\/producto\/percha-pared-abs-rosa-pomos-buhos-vertical\/"},"modified":"2025-03-14T00:07:18","modified_gmt":"2025-03-13T23:07:18","slug":"wandgarderobe-wand-abs-rosa-knopfe-uhus-vertikal","status":"publish","type":"product","link":"https:\/\/www.pomoline.com\/de\/produkt\/wandgarderobe-wand-abs-rosa-knopfe-uhus-vertikal\/","title":{"rendered":"WANDGARDEROBE WAND ABS ROSA KN\u00d6PFE UHUS VERTIKAL"},"content":{"rendered":"<p>Preiswerte Kinderb\u00fcgel und Wandhaken aus Kunstharz mit Siebdruck oder farbig. Dieses besondere Modell ist MOD 9052 Wandgarderobe ABS rosa M\u00f6belkn\u00f6pfe Uhus vertikal<\/p>\n","protected":false},"excerpt":{"rendered":"<p>Preiswerte Kinderb\u00fcgel und Wandhaken aus Kunstharz mit Siebdruck oder farbig. Dieses besondere Modell ist MOD 9052 Wandgarderobe ABS rosa M\u00f6belkn\u00f6pfe Uhus vertikal<\/p>\n","protected":false},"featured_media":410160,"template":"","meta":{"_joinchat":[]},"product_brand":[],"product_cat":[5358,5355,1005],"product_tag":[],"class_list":{"0":"post-322134","1":"product","2":"type-product","3":"status-publish","4":"has-post-thumbnail","6":"product_cat-ofertas-de","7":"product_cat-ofertas","8":"product_cat-wandgarderobe-hakengarderobe","9":"pa_color-pink-schrank-knauf-griffe-wandaufhanger-turhaken-mobel-beine","10":"pa_tendencia-kinder-kind-wandhanger","12":"first","13":"instock","14":"sale","15":"taxable","16":"shipping-taxable","17":"purchasable","18":"product-type-variable","19":"has-default-attributes","20":"wvs-archive-product-wrapper"},"_links":{"self":[{"href":"https:\/\/www.pomoline.com\/de\/wp-json\/wp\/v2\/product\/322134","targetHints":{"allow":["GET"]}}],"collection":[{"href":"https:\/\/www.pomoline.com\/de\/wp-json\/wp\/v2\/product"}],"about":[{"href":"https:\/\/www.pomoline.com\/de\/wp-json\/wp\/v2\/types\/product"}],"wp:featuredmedia":[{"embeddable":true,"href":"https:\/\/www.pomoline.com\/de\/wp-json\/wp\/v2\/media\/410160"}],"wp:attachment":[{"href":"https:\/\/www.pomoline.com\/de\/wp-json\/wp\/v2\/media?parent=322134"}],"wp:term":[{"taxonomy":"product_brand","embeddable":true,"href":"https:\/\/www.pomoline.com\/de\/wp-json\/wp\/v2\/product_brand?post=322134"},{"taxonomy":"product_cat","embeddable":true,"href":"https:\/\/www.pomoline.com\/de\/wp-json\/wp\/v2\/product_cat?post=322134"},{"taxonomy":"product_tag","embeddable":true,"href":"https:\/\/www.pomoline.com\/de\/wp-json\/wp\/v2\/product_tag?post=322134"}],"curies":[{"name":"wp","href":"https:\/\/api.w.org\/{rel}","templated":true}]}}