{"id":322198,"date":"2024-04-27T12:48:31","date_gmt":"2024-04-27T10:48:31","guid":{"rendered":"https:\/\/www.pomoline.com\/web-pruebas\/producto\/percha-pared-vintage-pomos-madera-lacada-pomos-red-hat\/"},"modified":"2025-03-14T00:02:45","modified_gmt":"2025-03-13T23:02:45","slug":"wandgarderobe-wand-vintage-knopfe-holz-lackiert-knopfe-red-hat","status":"publish","type":"product","link":"https:\/\/www.pomoline.com\/de\/produkt\/wandgarderobe-wand-vintage-knopfe-holz-lackiert-knopfe-red-hat\/","title":{"rendered":"WANDGARDEROBE WAND VINTAGE KN\u00d6PFE HOLZ LACKIERT KN\u00d6PFE RED HAT"},"content":{"rendered":"<p>Wandh\u00e4nger aus gebeiztem und gealtertem Naturholz mit Retro- und Vintage-Designs. Bei diesem speziellen Modell handelt es sich um MOD 9036 Vintage-Wandhalter mit lackierten Holzkn\u00f6pfen und roten Hutkn\u00f6pfen<\/p>\n","protected":false},"excerpt":{"rendered":"<p>Wandh\u00e4nger aus gebeiztem und gealtertem Naturholz mit Retro- und Vintage-Designs. Bei diesem speziellen Modell handelt es sich um MOD 9036 Vintage-Wandhalter mit lackierten Holzkn\u00f6pfen und roten Hutkn\u00f6pfen<\/p>\n","protected":false},"featured_media":410096,"template":"","meta":{"_joinchat":[]},"product_brand":[],"product_cat":[5358,5355,1005],"product_tag":[],"class_list":{"0":"post-322198","1":"product","2":"type-product","3":"status-publish","4":"has-post-thumbnail","6":"product_cat-ofertas-de","7":"product_cat-ofertas","8":"product_cat-wandgarderobe-hakengarderobe","9":"pa_color-weis-schrank-griffe-griffe-wandhaken-turhaken-mobelbeine","10":"pa_color-alter-kirschbaum-schrank-knauf-griffe-wandaufhanger-turhaken-mobelbeine","11":"pa_color-nussbaum-schrank-knopfe-griffe-wandaufhanger-turhaken-mobelbeine","12":"pa_color-weis-decape-schrankgriffe-griffe-wandhaken-turhaken-mobelbeine","13":"pa_tendencia-retro-wandhanger-wohnkultur","15":"first","16":"instock","17":"sale","18":"taxable","19":"shipping-taxable","20":"purchasable","21":"product-type-variable","22":"has-default-attributes","23":"wvs-archive-product-wrapper"},"_links":{"self":[{"href":"https:\/\/www.pomoline.com\/de\/wp-json\/wp\/v2\/product\/322198","targetHints":{"allow":["GET"]}}],"collection":[{"href":"https:\/\/www.pomoline.com\/de\/wp-json\/wp\/v2\/product"}],"about":[{"href":"https:\/\/www.pomoline.com\/de\/wp-json\/wp\/v2\/types\/product"}],"wp:featuredmedia":[{"embeddable":true,"href":"https:\/\/www.pomoline.com\/de\/wp-json\/wp\/v2\/media\/410096"}],"wp:attachment":[{"href":"https:\/\/www.pomoline.com\/de\/wp-json\/wp\/v2\/media?parent=322198"}],"wp:term":[{"taxonomy":"product_brand","embeddable":true,"href":"https:\/\/www.pomoline.com\/de\/wp-json\/wp\/v2\/product_brand?post=322198"},{"taxonomy":"product_cat","embeddable":true,"href":"https:\/\/www.pomoline.com\/de\/wp-json\/wp\/v2\/product_cat?post=322198"},{"taxonomy":"product_tag","embeddable":true,"href":"https:\/\/www.pomoline.com\/de\/wp-json\/wp\/v2\/product_tag?post=322198"}],"curies":[{"name":"wp","href":"https:\/\/api.w.org\/{rel}","templated":true}]}}