{"id":322266,"date":"2024-04-27T12:50:24","date_gmt":"2024-04-27T10:50:24","guid":{"rendered":"https:\/\/www.pomoline.com\/web-pruebas\/producto\/percha-puerta-cromada-bolas-colores\/"},"modified":"2025-03-13T23:58:00","modified_gmt":"2025-03-13T22:58:00","slug":"turhanger-verchromt-kugeln-farben","status":"publish","type":"product","link":"https:\/\/www.pomoline.com\/de\/produkt\/turhanger-verchromt-kugeln-farben\/","title":{"rendered":"T\u00dcRH\u00c4NGER VERCHROMT | KUGELN FARBEN"},"content":{"rendered":"<p>Aufh\u00e4nger und Haken an der T\u00fcr ideal f\u00fcr die Innent\u00fcr des Badezimmers oder Kinderzimmers. Dieses besondere Modell ist MOD 902 T\u00dcRH\u00c4NGER verchromt | Kugeln Farben<\/p>\n","protected":false},"excerpt":{"rendered":"<p>Aufh\u00e4nger und Haken an der T\u00fcr ideal f\u00fcr die Innent\u00fcr des Badezimmers oder Kinderzimmers. Dieses besondere Modell ist MOD 902 T\u00dcRH\u00c4NGER verchromt | Kugeln Farben<\/p>\n","protected":false},"featured_media":410028,"template":"","meta":{"_joinchat":[]},"product_brand":[],"product_cat":[5358,5355,5183],"product_tag":[],"class_list":{"0":"post-322266","1":"product","2":"type-product","3":"status-publish","4":"has-post-thumbnail","6":"product_cat-ofertas-de","7":"product_cat-ofertas","8":"product_cat-garderobenstander-kleiderbugel-uber-der-tur","9":"pa_color-schwarz-schrank-griffe-griffe-wandaufhanger-turhaken-mobelbeine","10":"pa_color-natur-buche-schrank-knauf-griffe-wandaufhanger-turhaken-mobel-beine","11":"pa_color-weis-schrank-griffe-griffe-wandhaken-turhaken-mobelbeine","12":"pa_color-gelb-schrank-griffe-griffe-wandaufhanger-turhaken-mobel-beine","13":"pa_color-blau-schrank-knauf-griffe-wandaufhanger-turhaken-mobel-beine","14":"pa_color-buche-honig-schrank-knopfe-griffe-wandhanger-turhaken-mobelbeine","15":"pa_color-lila-schrankknopfe-griffe-wandhaken-turhaken-mobelbeine","16":"pa_color-magenta-schrank-knauf-griffe-wandaufhanger-turhaken-mobel-beine","17":"pa_color-matt-chrom-schrankgriffe-griffe-wandaufhanger-turhaken-mobelbeine","18":"pa_color-orange-schrank-griffe-griffe-wandaufhanger-turhaken-mobel-beine","19":"pa_color-pistazie-grun-schrankknopfe-griffe-wandhaken-turhaken-mobelbeine","20":"pa_color-rot-schrank-knauf-griffe-wandaufhanger-turhaken-mobel-beine","21":"pa_color-fantasy-schrank-knopfe-griffe-wandhanger-turhaken-mobelbeine","22":"pa_tendencia-uber-tur-kleiderbugel-wohndeko","23":"pa_tendencia-uber-tur-aufhanger-fur-kinder-kind","25":"first","26":"instock","27":"sale","28":"taxable","29":"shipping-taxable","30":"purchasable","31":"product-type-variable","32":"has-default-attributes","33":"wvs-archive-product-wrapper"},"_links":{"self":[{"href":"https:\/\/www.pomoline.com\/de\/wp-json\/wp\/v2\/product\/322266","targetHints":{"allow":["GET"]}}],"collection":[{"href":"https:\/\/www.pomoline.com\/de\/wp-json\/wp\/v2\/product"}],"about":[{"href":"https:\/\/www.pomoline.com\/de\/wp-json\/wp\/v2\/types\/product"}],"wp:featuredmedia":[{"embeddable":true,"href":"https:\/\/www.pomoline.com\/de\/wp-json\/wp\/v2\/media\/410028"}],"wp:attachment":[{"href":"https:\/\/www.pomoline.com\/de\/wp-json\/wp\/v2\/media?parent=322266"}],"wp:term":[{"taxonomy":"product_brand","embeddable":true,"href":"https:\/\/www.pomoline.com\/de\/wp-json\/wp\/v2\/product_brand?post=322266"},{"taxonomy":"product_cat","embeddable":true,"href":"https:\/\/www.pomoline.com\/de\/wp-json\/wp\/v2\/product_cat?post=322266"},{"taxonomy":"product_tag","embeddable":true,"href":"https:\/\/www.pomoline.com\/de\/wp-json\/wp\/v2\/product_tag?post=322266"}],"curies":[{"name":"wp","href":"https:\/\/api.w.org\/{rel}","templated":true}]}}