{"id":322270,"date":"2024-04-27T12:50:30","date_gmt":"2024-04-27T10:50:30","guid":{"rendered":"https:\/\/www.pomoline.com\/web-pruebas\/producto\/tirador-pomo-puerta-redondo-con-base-de-85mm-acabado-niquel-sat\/"},"modified":"2025-03-13T23:57:41","modified_gmt":"2025-03-13T22:57:41","slug":"mobelknopf-knopf-tur-rund-mit-basis-aus-85mm-finish-nickel-satiniert","status":"publish","type":"product","link":"https:\/\/www.pomoline.com\/de\/produkt\/mobelknopf-knopf-tur-rund-mit-basis-aus-85mm-finish-nickel-satiniert\/","title":{"rendered":"M\u00d6BELKNOPF KNOPF T\u00dcR RUND MIT BASIS AUS 85MM. FINISH NICKEL SATINIERT"},"content":{"rendered":"<p>Drehkn\u00f6pfen mit Schild f\u00fcr T\u00fcren Innen aus Holz. Passende Designs haben wir in unserer Rubrik T\u00fcrgriffe. Dieses besondere Modell ist MOD 901-57 M\u00f6belgriff M\u00f6belknopf T\u00fcr rund mit Basis de 85mm. Finish Nickel satiniert<\/p>\n","protected":false},"excerpt":{"rendered":"<p>Drehkn\u00f6pfen mit Schild f\u00fcr T\u00fcren Innen aus Holz. Passende Designs haben wir in unserer Rubrik T\u00fcrgriffe. Dieses besondere Modell ist MOD 901-57 M\u00f6belgriff M\u00f6belknopf T\u00fcr rund mit Basis de 85mm. Finish Nickel satiniert<\/p>\n","protected":false},"featured_media":410024,"template":"","meta":{"_joinchat":[]},"product_brand":[],"product_cat":[5358,5355,1013],"product_tag":[],"class_list":{"0":"post-322270","1":"product","2":"type-product","3":"status-publish","4":"has-post-thumbnail","6":"product_cat-ofertas-de","7":"product_cat-ofertas","8":"product_cat-turgriffe-schiebe-turgriffe-rossette-turknopfe-schlusselloch-drehriegel-klinkenschloss","9":"pa_color-rostfreier-stahl-griffe-griffe-wandaufhanger-turhaken-mobelbeine","10":"pa_tendencia-eingangsturgriffe","12":"first","13":"instock","14":"sale","15":"taxable","16":"shipping-taxable","17":"purchasable","18":"product-type-variable","19":"has-default-attributes","20":"wvs-archive-product-wrapper"},"_links":{"self":[{"href":"https:\/\/www.pomoline.com\/de\/wp-json\/wp\/v2\/product\/322270","targetHints":{"allow":["GET"]}}],"collection":[{"href":"https:\/\/www.pomoline.com\/de\/wp-json\/wp\/v2\/product"}],"about":[{"href":"https:\/\/www.pomoline.com\/de\/wp-json\/wp\/v2\/types\/product"}],"wp:featuredmedia":[{"embeddable":true,"href":"https:\/\/www.pomoline.com\/de\/wp-json\/wp\/v2\/media\/410024"}],"wp:attachment":[{"href":"https:\/\/www.pomoline.com\/de\/wp-json\/wp\/v2\/media?parent=322270"}],"wp:term":[{"taxonomy":"product_brand","embeddable":true,"href":"https:\/\/www.pomoline.com\/de\/wp-json\/wp\/v2\/product_brand?post=322270"},{"taxonomy":"product_cat","embeddable":true,"href":"https:\/\/www.pomoline.com\/de\/wp-json\/wp\/v2\/product_cat?post=322270"},{"taxonomy":"product_tag","embeddable":true,"href":"https:\/\/www.pomoline.com\/de\/wp-json\/wp\/v2\/product_tag?post=322270"}],"curies":[{"name":"wp","href":"https:\/\/api.w.org\/{rel}","templated":true}]}}