{"id":322274,"date":"2024-04-27T12:50:35","date_gmt":"2024-04-27T10:50:35","guid":{"rendered":"https:\/\/www.pomoline.com\/web-pruebas\/producto\/percha-cerezo-viejo-pomos-bronce-viejo-perchero-colgador\/"},"modified":"2025-03-13T23:57:26","modified_gmt":"2025-03-13T22:57:26","slug":"wandgarderobe-kirschbaum-alt-knopfe-bronze-alt-garderobe-aufhanger","status":"publish","type":"product","link":"https:\/\/www.pomoline.com\/de\/produkt\/wandgarderobe-kirschbaum-alt-knopfe-bronze-alt-garderobe-aufhanger\/","title":{"rendered":"WANDGARDEROBE KIRSCHBAUM ALT KN\u00d6PFE BRONZE ALT | GARDEROBE AUFH\u00c4NGER"},"content":{"rendered":"<p>Aufh\u00e4nger und Haken f\u00fcr die Wandmontage. Gemacht aus Holz und Metall mit sehr attraktiven klassischen und modernen Designs f\u00fcr die Heimdekoration. Dieses besondere Modell ist MOD 9015 Wandgarderobe Kirschbaum alt M\u00f6belkn\u00f6pfe Bronze alt | Garderobe Aufh\u00e4ng<\/p>\n","protected":false},"excerpt":{"rendered":"<p>Aufh\u00e4nger und Haken f\u00fcr die Wandmontage. Gemacht aus Holz und Metall mit sehr attraktiven klassischen und modernen Designs f\u00fcr die Heimdekoration. Dieses besondere Modell ist MOD 9015 Wandgarderobe Kirschbaum alt M\u00f6belkn\u00f6pfe Bronze alt | Garderobe Aufh\u00e4ng<\/p>\n","protected":false},"featured_media":410020,"template":"","meta":{"_joinchat":[]},"product_brand":[],"product_cat":[5358,5355,1005],"product_tag":[],"class_list":{"0":"post-322274","1":"product","2":"type-product","3":"status-publish","4":"has-post-thumbnail","6":"product_cat-ofertas-de","7":"product_cat-ofertas","8":"product_cat-wandgarderobe-hakengarderobe","9":"pa_color-schwarz-schrank-griffe-griffe-wandaufhanger-turhaken-mobelbeine","10":"pa_color-alte-buche-schrank-knauf-griffe-wandaufhanger-turhaken-mobel-beine","11":"pa_color-alter-kirschbaum-schrank-knauf-griffe-wandaufhanger-turhaken-mobelbeine","12":"pa_color-alte-silberne-schrankgriffe-griffe-wandaufhanger-turhaken-mobelbeine","13":"pa_color-nussbaum-schrank-knopfe-griffe-wandaufhanger-turhaken-mobelbeine","14":"pa_tendencia-klassische-wandaufhanger-wohnkultur","16":"first","17":"instock","18":"sale","19":"taxable","20":"shipping-taxable","21":"purchasable","22":"product-type-variable","23":"has-default-attributes","24":"wvs-archive-product-wrapper"},"_links":{"self":[{"href":"https:\/\/www.pomoline.com\/de\/wp-json\/wp\/v2\/product\/322274","targetHints":{"allow":["GET"]}}],"collection":[{"href":"https:\/\/www.pomoline.com\/de\/wp-json\/wp\/v2\/product"}],"about":[{"href":"https:\/\/www.pomoline.com\/de\/wp-json\/wp\/v2\/types\/product"}],"wp:featuredmedia":[{"embeddable":true,"href":"https:\/\/www.pomoline.com\/de\/wp-json\/wp\/v2\/media\/410020"}],"wp:attachment":[{"href":"https:\/\/www.pomoline.com\/de\/wp-json\/wp\/v2\/media?parent=322274"}],"wp:term":[{"taxonomy":"product_brand","embeddable":true,"href":"https:\/\/www.pomoline.com\/de\/wp-json\/wp\/v2\/product_brand?post=322274"},{"taxonomy":"product_cat","embeddable":true,"href":"https:\/\/www.pomoline.com\/de\/wp-json\/wp\/v2\/product_cat?post=322274"},{"taxonomy":"product_tag","embeddable":true,"href":"https:\/\/www.pomoline.com\/de\/wp-json\/wp\/v2\/product_tag?post=322274"}],"curies":[{"name":"wp","href":"https:\/\/api.w.org\/{rel}","templated":true}]}}