{"id":322278,"date":"2024-04-27T12:50:42","date_gmt":"2024-04-27T10:50:42","guid":{"rendered":"https:\/\/www.pomoline.com\/web-pruebas\/producto\/percha-lacado-pomos-cromo-mate-perchero-colgador\/"},"modified":"2025-03-13T23:57:08","modified_gmt":"2025-03-13T22:57:08","slug":"wandgarderobe-lackiert-knopfe-chrom-matt-garderobe-aufhanger","status":"publish","type":"product","link":"https:\/\/www.pomoline.com\/de\/produkt\/wandgarderobe-lackiert-knopfe-chrom-matt-garderobe-aufhanger\/","title":{"rendered":"WANDGARDEROBE LACKIERT KN\u00d6PFE CHROM MATT | GARDEROBE AUFH\u00c4NGER"},"content":{"rendered":"<p>Aufh\u00e4nger und Haken f\u00fcr die Wandmontage. Gemacht aus Holz und Metall mit sehr attraktiven klassischen und modernen Designs f\u00fcr die Heimdekoration. Dieses besondere Modell ist MOD 9014 Wandgarderobe lackiert M\u00f6belkn\u00f6pfe Chrom matt | Garderobe Aufh\u00e4nger<\/p>\n","protected":false},"excerpt":{"rendered":"<p>Aufh\u00e4nger und Haken f\u00fcr die Wandmontage. Gemacht aus Holz und Metall mit sehr attraktiven klassischen und modernen Designs f\u00fcr die Heimdekoration. Dieses besondere Modell ist MOD 9014 Wandgarderobe lackiert M\u00f6belkn\u00f6pfe Chrom matt | Garderobe Aufh\u00e4nger<\/p>\n","protected":false},"featured_media":410016,"template":"","meta":{"_joinchat":[]},"product_brand":[],"product_cat":[5358,5355,1005],"product_tag":[],"class_list":{"0":"post-322278","1":"product","2":"type-product","3":"status-publish","4":"has-post-thumbnail","6":"product_cat-ofertas-de","7":"product_cat-ofertas","8":"product_cat-wandgarderobe-hakengarderobe","9":"pa_color-schwarz-schrank-griffe-griffe-wandaufhanger-turhaken-mobelbeine","10":"pa_color-natur-buche-schrank-knauf-griffe-wandaufhanger-turhaken-mobel-beine","11":"pa_color-weis-schrank-griffe-griffe-wandhaken-turhaken-mobelbeine","12":"pa_color-gold-schrank-knauf-griffe-wandaufhanger-turhaken-mobel-beine","13":"pa_color-buche-honig-schrank-knopfe-griffe-wandhanger-turhaken-mobelbeine","14":"pa_color-wengue-schrank-knaufe-griffe-wandaufhanger-turhaken-mobel-beine","15":"pa_tendencia-moderne-wandaufhanger-wohnkultur","17":"first","18":"instock","19":"sale","20":"taxable","21":"shipping-taxable","22":"purchasable","23":"product-type-variable","24":"has-default-attributes","25":"wvs-archive-product-wrapper"},"_links":{"self":[{"href":"https:\/\/www.pomoline.com\/de\/wp-json\/wp\/v2\/product\/322278","targetHints":{"allow":["GET"]}}],"collection":[{"href":"https:\/\/www.pomoline.com\/de\/wp-json\/wp\/v2\/product"}],"about":[{"href":"https:\/\/www.pomoline.com\/de\/wp-json\/wp\/v2\/types\/product"}],"wp:featuredmedia":[{"embeddable":true,"href":"https:\/\/www.pomoline.com\/de\/wp-json\/wp\/v2\/media\/410016"}],"wp:attachment":[{"href":"https:\/\/www.pomoline.com\/de\/wp-json\/wp\/v2\/media?parent=322278"}],"wp:term":[{"taxonomy":"product_brand","embeddable":true,"href":"https:\/\/www.pomoline.com\/de\/wp-json\/wp\/v2\/product_brand?post=322278"},{"taxonomy":"product_cat","embeddable":true,"href":"https:\/\/www.pomoline.com\/de\/wp-json\/wp\/v2\/product_cat?post=322278"},{"taxonomy":"product_tag","embeddable":true,"href":"https:\/\/www.pomoline.com\/de\/wp-json\/wp\/v2\/product_tag?post=322278"}],"curies":[{"name":"wp","href":"https:\/\/api.w.org\/{rel}","templated":true}]}}