{"id":322286,"date":"2024-04-27T12:50:56","date_gmt":"2024-04-27T10:50:56","guid":{"rendered":"https:\/\/www.pomoline.com\/web-pruebas\/producto\/percha-lacado-pomos-cromo-base-madera-perchero-colgador\/"},"modified":"2025-03-13T23:56:34","modified_gmt":"2025-03-13T22:56:34","slug":"wandgarderobe-lackiert-knopfe-chrom-basis-holz-garderobe-aufhanger","status":"publish","type":"product","link":"https:\/\/www.pomoline.com\/de\/produkt\/wandgarderobe-lackiert-knopfe-chrom-basis-holz-garderobe-aufhanger\/","title":{"rendered":"WANDGARDEROBE LACKIERT KN\u00d6PFE CHROM BASIS HOLZ | GARDEROBE AUFH\u00c4NGER"},"content":{"rendered":"<p>Aufh\u00e4nger und Haken f\u00fcr die Wandmontage. Gemacht aus Holz und Metall mit sehr attraktiven klassischen und modernen Designs f\u00fcr die Heimdekoration. Dieses besondere Modell ist MOD 9012 Wandgarderobe lackiert M\u00f6belkn\u00f6pfe Chrom Basis Holz | Garderobe Aufh\u00e4ng<\/p>\n","protected":false},"excerpt":{"rendered":"<p>Aufh\u00e4nger und Haken f\u00fcr die Wandmontage. Gemacht aus Holz und Metall mit sehr attraktiven klassischen und modernen Designs f\u00fcr die Heimdekoration. Dieses besondere Modell ist MOD 9012 Wandgarderobe lackiert M\u00f6belkn\u00f6pfe Chrom Basis Holz | Garderobe Aufh\u00e4ng<\/p>\n","protected":false},"featured_media":410008,"template":"","meta":{"_joinchat":[]},"product_brand":[],"product_cat":[5358,5355,1005],"product_tag":[],"class_list":{"0":"post-322286","1":"product","2":"type-product","3":"status-publish","4":"has-post-thumbnail","6":"product_cat-ofertas-de","7":"product_cat-ofertas","8":"product_cat-wandgarderobe-hakengarderobe","9":"pa_color-schwarz-schrank-griffe-griffe-wandaufhanger-turhaken-mobelbeine","10":"pa_color-natur-buche-schrank-knauf-griffe-wandaufhanger-turhaken-mobel-beine","11":"pa_color-weis-schrank-griffe-griffe-wandhaken-turhaken-mobelbeine","12":"pa_color-rostfreier-stahl-griffe-griffe-wandaufhanger-turhaken-mobelbeine","13":"pa_color-buche-honig-schrank-knopfe-griffe-wandhanger-turhaken-mobelbeine","14":"pa_color-aluminium-poliert-schrank-griffe-griffe-wandaufhanger-turhaken-mobelbeine","15":"pa_color-wengue-schrank-knaufe-griffe-wandaufhanger-turhaken-mobel-beine","16":"pa_tendencia-moderne-wandaufhanger-wohnkultur","18":"first","19":"instock","20":"sale","21":"taxable","22":"shipping-taxable","23":"purchasable","24":"product-type-variable","25":"has-default-attributes","26":"wvs-archive-product-wrapper"},"_links":{"self":[{"href":"https:\/\/www.pomoline.com\/de\/wp-json\/wp\/v2\/product\/322286","targetHints":{"allow":["GET"]}}],"collection":[{"href":"https:\/\/www.pomoline.com\/de\/wp-json\/wp\/v2\/product"}],"about":[{"href":"https:\/\/www.pomoline.com\/de\/wp-json\/wp\/v2\/types\/product"}],"wp:featuredmedia":[{"embeddable":true,"href":"https:\/\/www.pomoline.com\/de\/wp-json\/wp\/v2\/media\/410008"}],"wp:attachment":[{"href":"https:\/\/www.pomoline.com\/de\/wp-json\/wp\/v2\/media?parent=322286"}],"wp:term":[{"taxonomy":"product_brand","embeddable":true,"href":"https:\/\/www.pomoline.com\/de\/wp-json\/wp\/v2\/product_brand?post=322286"},{"taxonomy":"product_cat","embeddable":true,"href":"https:\/\/www.pomoline.com\/de\/wp-json\/wp\/v2\/product_cat?post=322286"},{"taxonomy":"product_tag","embeddable":true,"href":"https:\/\/www.pomoline.com\/de\/wp-json\/wp\/v2\/product_tag?post=322286"}],"curies":[{"name":"wp","href":"https:\/\/api.w.org\/{rel}","templated":true}]}}