{"id":322290,"date":"2024-04-27T12:51:03","date_gmt":"2024-04-27T10:51:03","guid":{"rendered":"https:\/\/www.pomoline.com\/web-pruebas\/producto\/percha-ganchos-cromo-perchero-colgador\/"},"modified":"2025-03-13T23:56:18","modified_gmt":"2025-03-13T22:56:18","slug":"wandgarderobe-haken-chrom-garderobe-aufhanger","status":"publish","type":"product","link":"https:\/\/www.pomoline.com\/de\/produkt\/wandgarderobe-haken-chrom-garderobe-aufhanger\/","title":{"rendered":"WANDGARDEROBE HAKEN CHROM | GARDEROBE AUFH\u00c4NGER"},"content":{"rendered":"<p>Haken und K\u00fcchentuchhaken aus Metalll zur Befestigung an der Wand oder T\u00fcr mit den im T\u00fcte enthaltenen Schrauben und D\u00fcbeln. Es ist ein individueller Aufh\u00e4nger, der das Gewicht unterst\u00fctzt und sehr sch\u00f6n ist. Dieses besondere Modell ist MOD 9010 Wandgarde<\/p>\n","protected":false},"excerpt":{"rendered":"<p>Haken und K\u00fcchentuchhaken aus Metalll zur Befestigung an der Wand oder T\u00fcr mit den im T\u00fcte enthaltenen Schrauben und D\u00fcbeln. Es ist ein individueller Aufh\u00e4nger, der das Gewicht unterst\u00fctzt und sehr sch\u00f6n ist. Dieses besondere Modell ist MOD 9010 Wandgarde<\/p>\n","protected":false},"featured_media":410004,"template":"","meta":{"_joinchat":[]},"product_brand":[],"product_cat":[1005],"product_tag":[],"class_list":{"0":"post-322290","1":"product","2":"type-product","3":"status-publish","4":"has-post-thumbnail","6":"product_cat-wandgarderobe-hakengarderobe","7":"pa_color-geburstetes-messing-schrankknopfe-griffe-wandhaken-turhaken-mobelbeine","8":"pa_color-chrom-schrank-knauf-griffe-wandaufhanger-turhaken-mobel-beine","9":"pa_color-gold-schrank-knauf-griffe-wandaufhanger-turhaken-mobel-beine","10":"pa_tendencia-wandhaken-aufhanger","12":"first","13":"instock","14":"taxable","15":"shipping-taxable","16":"purchasable","17":"product-type-variable","18":"has-default-attributes","19":"wvs-archive-product-wrapper"},"_links":{"self":[{"href":"https:\/\/www.pomoline.com\/de\/wp-json\/wp\/v2\/product\/322290","targetHints":{"allow":["GET"]}}],"collection":[{"href":"https:\/\/www.pomoline.com\/de\/wp-json\/wp\/v2\/product"}],"about":[{"href":"https:\/\/www.pomoline.com\/de\/wp-json\/wp\/v2\/types\/product"}],"wp:featuredmedia":[{"embeddable":true,"href":"https:\/\/www.pomoline.com\/de\/wp-json\/wp\/v2\/media\/410004"}],"wp:attachment":[{"href":"https:\/\/www.pomoline.com\/de\/wp-json\/wp\/v2\/media?parent=322290"}],"wp:term":[{"taxonomy":"product_brand","embeddable":true,"href":"https:\/\/www.pomoline.com\/de\/wp-json\/wp\/v2\/product_brand?post=322290"},{"taxonomy":"product_cat","embeddable":true,"href":"https:\/\/www.pomoline.com\/de\/wp-json\/wp\/v2\/product_cat?post=322290"},{"taxonomy":"product_tag","embeddable":true,"href":"https:\/\/www.pomoline.com\/de\/wp-json\/wp\/v2\/product_tag?post=322290"}],"curies":[{"name":"wp","href":"https:\/\/api.w.org\/{rel}","templated":true}]}}