{"id":322294,"date":"2024-04-27T12:51:12","date_gmt":"2024-04-27T10:51:12","guid":{"rendered":"https:\/\/www.pomoline.com\/web-pruebas\/producto\/percha-puerta-cromada-porcelana-blanca\/"},"modified":"2025-03-13T23:55:59","modified_gmt":"2025-03-13T22:55:59","slug":"turhanger-verchromt-porzellan-weiss","status":"publish","type":"product","link":"https:\/\/www.pomoline.com\/de\/produkt\/turhanger-verchromt-porzellan-weiss\/","title":{"rendered":"T\u00dcRH\u00c4NGER VERCHROMT | PORZELLAN WEISS"},"content":{"rendered":"<p>Aufh\u00e4nger und Haken an der T\u00fcr ideal f\u00fcr die Innent\u00fcr des Badezimmers oder Kinderzimmers. Dieses besondere Modell ist MOD 901 T\u00dcRH\u00c4NGER verchromt | wei\u00dfes Porzellan<\/p>\n","protected":false},"excerpt":{"rendered":"<p>Aufh\u00e4nger und Haken an der T\u00fcr ideal f\u00fcr die Innent\u00fcr des Badezimmers oder Kinderzimmers. Dieses besondere Modell ist MOD 901 T\u00dcRH\u00c4NGER verchromt | wei\u00dfes Porzellan<\/p>\n","protected":false},"featured_media":410000,"template":"","meta":{"_joinchat":[]},"product_brand":[],"product_cat":[5183],"product_tag":[],"class_list":{"0":"post-322294","1":"product","2":"type-product","3":"status-publish","4":"has-post-thumbnail","6":"product_cat-garderobenstander-kleiderbugel-uber-der-tur","7":"pa_color-chrom-schrank-knauf-griffe-wandaufhanger-turhaken-mobel-beine","8":"pa_tendencia-uber-tur-kleiderbugel-wohndeko","10":"first","11":"instock","12":"taxable","13":"shipping-taxable","14":"purchasable","15":"product-type-variable","16":"has-default-attributes","17":"wvs-archive-product-wrapper"},"_links":{"self":[{"href":"https:\/\/www.pomoline.com\/de\/wp-json\/wp\/v2\/product\/322294","targetHints":{"allow":["GET"]}}],"collection":[{"href":"https:\/\/www.pomoline.com\/de\/wp-json\/wp\/v2\/product"}],"about":[{"href":"https:\/\/www.pomoline.com\/de\/wp-json\/wp\/v2\/types\/product"}],"wp:featuredmedia":[{"embeddable":true,"href":"https:\/\/www.pomoline.com\/de\/wp-json\/wp\/v2\/media\/410000"}],"wp:attachment":[{"href":"https:\/\/www.pomoline.com\/de\/wp-json\/wp\/v2\/media?parent=322294"}],"wp:term":[{"taxonomy":"product_brand","embeddable":true,"href":"https:\/\/www.pomoline.com\/de\/wp-json\/wp\/v2\/product_brand?post=322294"},{"taxonomy":"product_cat","embeddable":true,"href":"https:\/\/www.pomoline.com\/de\/wp-json\/wp\/v2\/product_cat?post=322294"},{"taxonomy":"product_tag","embeddable":true,"href":"https:\/\/www.pomoline.com\/de\/wp-json\/wp\/v2\/product_tag?post=322294"}],"curies":[{"name":"wp","href":"https:\/\/api.w.org\/{rel}","templated":true}]}}