{"id":322298,"date":"2024-04-27T12:51:25","date_gmt":"2024-04-27T10:51:25","guid":{"rendered":"https:\/\/www.pomoline.com\/web-pruebas\/producto\/alzapanos-gancho-pared-cromado\/"},"modified":"2025-03-13T23:55:44","modified_gmt":"2025-03-13T22:55:44","slug":"kuchentuchhaken-wandhaken-verchromt","status":"publish","type":"product","link":"https:\/\/www.pomoline.com\/de\/produkt\/kuchentuchhaken-wandhaken-verchromt\/","title":{"rendered":"K\u00dcCHENTUCHHAKEN WANDHAKEN VERCHROMT"},"content":{"rendered":"<p>Haken und K\u00fcchentuchhaken aus Metalll zur Befestigung an der Wand oder T\u00fcr mit den im T\u00fcte enthaltenen Schrauben und D\u00fcbeln. Es ist ein individueller Aufh\u00e4nger, der das Gewicht unterst\u00fctzt und sehr sch\u00f6n ist. Dieses besondere Modell ist MOD 9008 K\u00fcchentuc<\/p>\n","protected":false},"excerpt":{"rendered":"<p>Haken und K\u00fcchentuchhaken aus Metalll zur Befestigung an der Wand oder T\u00fcr mit den im T\u00fcte enthaltenen Schrauben und D\u00fcbeln. Es ist ein individueller Aufh\u00e4nger, der das Gewicht unterst\u00fctzt und sehr sch\u00f6n ist. Dieses besondere Modell ist MOD 9008 K\u00fcchentuc<\/p>\n","protected":false},"featured_media":409996,"template":"","meta":{"_joinchat":[]},"product_brand":[],"product_cat":[1005],"product_tag":[],"class_list":{"0":"post-322298","1":"product","2":"type-product","3":"status-publish","4":"has-post-thumbnail","6":"product_cat-wandgarderobe-hakengarderobe","7":"pa_color-alte-messing-schrankknopfe-griffe-wandaufhanger-turhaken-mobelbeine","8":"pa_color-chrom-schrank-knauf-griffe-wandaufhanger-turhaken-mobel-beine","9":"pa_color-gold-schrank-knauf-griffe-wandaufhanger-turhaken-mobel-beine","10":"pa_color-matt-chrom-schrankgriffe-griffe-wandaufhanger-turhaken-mobelbeine","11":"pa_tendencia-wandhaken-aufhanger","13":"first","14":"instock","15":"taxable","16":"shipping-taxable","17":"purchasable","18":"product-type-variable","19":"has-default-attributes","20":"wvs-archive-product-wrapper"},"_links":{"self":[{"href":"https:\/\/www.pomoline.com\/de\/wp-json\/wp\/v2\/product\/322298","targetHints":{"allow":["GET"]}}],"collection":[{"href":"https:\/\/www.pomoline.com\/de\/wp-json\/wp\/v2\/product"}],"about":[{"href":"https:\/\/www.pomoline.com\/de\/wp-json\/wp\/v2\/types\/product"}],"wp:featuredmedia":[{"embeddable":true,"href":"https:\/\/www.pomoline.com\/de\/wp-json\/wp\/v2\/media\/409996"}],"wp:attachment":[{"href":"https:\/\/www.pomoline.com\/de\/wp-json\/wp\/v2\/media?parent=322298"}],"wp:term":[{"taxonomy":"product_brand","embeddable":true,"href":"https:\/\/www.pomoline.com\/de\/wp-json\/wp\/v2\/product_brand?post=322298"},{"taxonomy":"product_cat","embeddable":true,"href":"https:\/\/www.pomoline.com\/de\/wp-json\/wp\/v2\/product_cat?post=322298"},{"taxonomy":"product_tag","embeddable":true,"href":"https:\/\/www.pomoline.com\/de\/wp-json\/wp\/v2\/product_tag?post=322298"}],"curies":[{"name":"wp","href":"https:\/\/api.w.org\/{rel}","templated":true}]}}