{"id":322302,"date":"2024-04-27T12:51:33","date_gmt":"2024-04-27T10:51:33","guid":{"rendered":"https:\/\/www.pomoline.com\/web-pruebas\/producto\/percha-perchero-de-pared-base-de-madera-lacada-pomos-cromo-brillo\/"},"modified":"2025-03-13T23:55:26","modified_gmt":"2025-03-13T22:55:26","slug":"wandgarderobe-garderobe-aus-wand-basis-aus-holz-lackiert-knopfe-chrom-glanzend","status":"publish","type":"product","link":"https:\/\/www.pomoline.com\/de\/produkt\/wandgarderobe-garderobe-aus-wand-basis-aus-holz-lackiert-knopfe-chrom-glanzend\/","title":{"rendered":"WANDGARDEROBE GARDEROBE AUS WAND BASIS AUS HOLZ LACKIERT KN\u00d6PFE CHROM GL\u00c4NZEND"},"content":{"rendered":"<p>Aufh\u00e4nger und Haken f\u00fcr die Wandmontage. Gemacht aus Holz und Metall mit sehr attraktiven klassischen und modernen Designs f\u00fcr die Heimdekoration. Dieses besondere Modell ist MOD 9007 Wandgarderobe Garderobe von Wand Basis de Holz lackiert M\u00f6belkn\u00f6pfe Ch<\/p>\n","protected":false},"excerpt":{"rendered":"<p>Aufh\u00e4nger und Haken f\u00fcr die Wandmontage. Gemacht aus Holz und Metall mit sehr attraktiven klassischen und modernen Designs f\u00fcr die Heimdekoration. Dieses besondere Modell ist MOD 9007 Wandgarderobe Garderobe von Wand Basis de Holz lackiert M\u00f6belkn\u00f6pfe Ch<\/p>\n","protected":false},"featured_media":409992,"template":"","meta":{"_joinchat":[]},"product_brand":[],"product_cat":[5358,5355,1005],"product_tag":[],"class_list":{"0":"post-322302","1":"product","2":"type-product","3":"status-publish","4":"has-post-thumbnail","6":"product_cat-ofertas-de","7":"product_cat-ofertas","8":"product_cat-wandgarderobe-hakengarderobe","9":"pa_color-schwarz-schrank-griffe-griffe-wandaufhanger-turhaken-mobelbeine","10":"pa_color-natur-buche-schrank-knauf-griffe-wandaufhanger-turhaken-mobel-beine","11":"pa_color-weis-schrank-griffe-griffe-wandhaken-turhaken-mobelbeine","12":"pa_color-buche-honig-schrank-knopfe-griffe-wandhanger-turhaken-mobelbeine","13":"pa_color-pistazie-grun-schrankknopfe-griffe-wandhaken-turhaken-mobelbeine","14":"pa_color-wengue-schrank-knaufe-griffe-wandaufhanger-turhaken-mobel-beine","15":"pa_tendencia-moderne-wandaufhanger-wohnkultur","17":"first","18":"instock","19":"sale","20":"taxable","21":"shipping-taxable","22":"purchasable","23":"product-type-variable","24":"has-default-attributes","25":"wvs-archive-product-wrapper"},"_links":{"self":[{"href":"https:\/\/www.pomoline.com\/de\/wp-json\/wp\/v2\/product\/322302","targetHints":{"allow":["GET"]}}],"collection":[{"href":"https:\/\/www.pomoline.com\/de\/wp-json\/wp\/v2\/product"}],"about":[{"href":"https:\/\/www.pomoline.com\/de\/wp-json\/wp\/v2\/types\/product"}],"wp:featuredmedia":[{"embeddable":true,"href":"https:\/\/www.pomoline.com\/de\/wp-json\/wp\/v2\/media\/409992"}],"wp:attachment":[{"href":"https:\/\/www.pomoline.com\/de\/wp-json\/wp\/v2\/media?parent=322302"}],"wp:term":[{"taxonomy":"product_brand","embeddable":true,"href":"https:\/\/www.pomoline.com\/de\/wp-json\/wp\/v2\/product_brand?post=322302"},{"taxonomy":"product_cat","embeddable":true,"href":"https:\/\/www.pomoline.com\/de\/wp-json\/wp\/v2\/product_cat?post=322302"},{"taxonomy":"product_tag","embeddable":true,"href":"https:\/\/www.pomoline.com\/de\/wp-json\/wp\/v2\/product_tag?post=322302"}],"curies":[{"name":"wp","href":"https:\/\/api.w.org\/{rel}","templated":true}]}}