{"id":322310,"date":"2024-04-27T12:51:45","date_gmt":"2024-04-27T10:51:45","guid":{"rendered":"https:\/\/www.pomoline.com\/web-pruebas\/producto\/tirador-metal-160-hierro-envejecido-armario-cocina-cajon-puerta-arco\/"},"modified":"2025-03-13T23:54:54","modified_gmt":"2025-03-13T22:54:54","slug":"mobelknopf-metall-160-eisen-gealtert-schrank-kuche-schublade-tur-bogen","status":"publish","type":"product","link":"https:\/\/www.pomoline.com\/de\/produkt\/mobelknopf-metall-160-eisen-gealtert-schrank-kuche-schublade-tur-bogen\/","title":{"rendered":"M\u00d6BELKNOPF METALL 160 EISEN GEALTERT SCHRANK K\u00dcCHE SCHUBLADE T\u00dcR BOGEN"},"content":{"rendered":"<p>Designgriffe f\u00fcr K\u00fcchenschr\u00e4nke und T\u00fcren sowie f\u00fcr M\u00f6belschubladen in den Ma\u00dfen zwischen den Schraubenmitten 96, 128, 160, 192, 320, 516 mm. Dieses besondere Modell ist MOD 896 M\u00f6belgriff Metall 160 gealtertes Eisen Schrank K\u00fcche Schublade T\u00fcr Bogen<\/p>\n","protected":false},"excerpt":{"rendered":"<p>Designgriffe f\u00fcr K\u00fcchenschr\u00e4nke und T\u00fcren sowie f\u00fcr M\u00f6belschubladen in den Ma\u00dfen zwischen den Schraubenmitten 96, 128, 160, 192, 320, 516 mm. Dieses besondere Modell ist MOD 896 M\u00f6belgriff Metall 160 gealtertes Eisen Schrank K\u00fcche Schublade T\u00fcr Bogen<\/p>\n","protected":false},"featured_media":409984,"template":"","meta":{"_joinchat":[]},"product_brand":[],"product_cat":[5187,965],"product_tag":[],"class_list":{"0":"post-322310","1":"product","2":"type-product","3":"status-publish","4":"has-post-thumbnail","6":"product_cat-mobelgriffe-und-knopfe-fur-schubladen","7":"product_cat-mobelknopfe-griffe-schublade-turgriffe-klassische-rustikale-design","8":"pa_color-matt-chrom-schrankgriffe-griffe-wandaufhanger-turhaken-mobelbeine","9":"pa_distancia-agujeros-tornillos-tiradores-128-mm-entre-centros-de-tornillos-cajon-puerta-mueble-de","10":"pa_distancia-agujeros-tornillos-tiradores-160-mm-entre-centros-de-tornillos-cajon-puerta-mueble-de","11":"pa_distancia-agujeros-tornillos-tiradores-192-mm-entre-centros-de-tornillos-cajon-puerta-mueble-de","12":"pa_tendencia-kuchenschrank-griffe-mobel","14":"first","15":"instock","16":"taxable","17":"shipping-taxable","18":"purchasable","19":"product-type-variable","20":"has-default-attributes","21":"wvs-archive-product-wrapper"},"_links":{"self":[{"href":"https:\/\/www.pomoline.com\/de\/wp-json\/wp\/v2\/product\/322310","targetHints":{"allow":["GET"]}}],"collection":[{"href":"https:\/\/www.pomoline.com\/de\/wp-json\/wp\/v2\/product"}],"about":[{"href":"https:\/\/www.pomoline.com\/de\/wp-json\/wp\/v2\/types\/product"}],"wp:featuredmedia":[{"embeddable":true,"href":"https:\/\/www.pomoline.com\/de\/wp-json\/wp\/v2\/media\/409984"}],"wp:attachment":[{"href":"https:\/\/www.pomoline.com\/de\/wp-json\/wp\/v2\/media?parent=322310"}],"wp:term":[{"taxonomy":"product_brand","embeddable":true,"href":"https:\/\/www.pomoline.com\/de\/wp-json\/wp\/v2\/product_brand?post=322310"},{"taxonomy":"product_cat","embeddable":true,"href":"https:\/\/www.pomoline.com\/de\/wp-json\/wp\/v2\/product_cat?post=322310"},{"taxonomy":"product_tag","embeddable":true,"href":"https:\/\/www.pomoline.com\/de\/wp-json\/wp\/v2\/product_tag?post=322310"}],"curies":[{"name":"wp","href":"https:\/\/api.w.org\/{rel}","templated":true}]}}