{"id":322350,"date":"2024-04-27T12:52:52","date_gmt":"2024-04-27T10:52:52","guid":{"rendered":"https:\/\/www.pomoline.com\/web-pruebas\/producto\/tirador-asa-metal-160-cromo-armario-cocina-cajon-puerta-fino\/"},"modified":"2025-03-13T23:52:08","modified_gmt":"2025-03-13T22:52:08","slug":"mobelknopf-griff-metall-160-chrom-schrank-kuche-schublade-tur-dunn","status":"publish","type":"product","link":"https:\/\/www.pomoline.com\/de\/produkt\/mobelknopf-griff-metall-160-chrom-schrank-kuche-schublade-tur-dunn\/","title":{"rendered":"M\u00d6BELKNOPF GRIFF METALL 160 CHROM SCHRANK K\u00dcCHE SCHUBLADE T\u00dcR D\u00dcNN"},"content":{"rendered":"<p>Designgriffe f\u00fcr K\u00fcchenschr\u00e4nke und T\u00fcren sowie f\u00fcr M\u00f6belschubladen in den Ma\u00dfen zwischen den Schraubenmitten 96, 128, 160, 192, 320, 516 mm. Dieses besondere Modell ist MOD 886 M\u00f6belknopf Griff Metall 160 Chrom Schrank K\u00fcche Schublade T\u00fcr D\u00fcnn<\/p>\n","protected":false},"excerpt":{"rendered":"<p>Designgriffe f\u00fcr K\u00fcchenschr\u00e4nke und T\u00fcren sowie f\u00fcr M\u00f6belschubladen in den Ma\u00dfen zwischen den Schraubenmitten 96, 128, 160, 192, 320, 516 mm. Dieses besondere Modell ist MOD 886 M\u00f6belknopf Griff Metall 160 Chrom Schrank K\u00fcche Schublade T\u00fcr D\u00fcnn<\/p>\n","protected":false},"featured_media":409944,"template":"","meta":{"_joinchat":[]},"product_brand":[],"product_cat":[5187,957],"product_tag":[],"class_list":{"0":"post-322350","1":"product","2":"type-product","3":"status-publish","4":"has-post-thumbnail","6":"product_cat-mobelgriffe-und-knopfe-fur-schubladen","7":"product_cat-moderne-kuchengriffe","8":"pa_color-rostfreier-stahl-griffe-griffe-wandaufhanger-turhaken-mobelbeine","9":"pa_color-chrom-schrank-knauf-griffe-wandaufhanger-turhaken-mobel-beine","10":"pa_color-matt-chrom-schrankgriffe-griffe-wandaufhanger-turhaken-mobelbeine","11":"pa_distancia-agujeros-tornillos-tiradores-96-mm-entre-centros-de-tornillos-cajon-puerta-mueble-de","12":"pa_distancia-agujeros-tornillos-tiradores-128-mm-entre-centros-de-tornillos-cajon-puerta-mueble-de","13":"pa_distancia-agujeros-tornillos-tiradores-160-mm-entre-centros-de-tornillos-cajon-puerta-mueble-de","14":"pa_distancia-agujeros-tornillos-tiradores-192-mm-entre-centros-de-tornillos-cajon-puerta-mueble-de","15":"pa_distancia-agujeros-tornillos-tiradores-256-mm-entre-centros-de-tornillos-cajon-puerta-mueble-de","16":"pa_tendencia-kuchenschrank-griffe-mobel","18":"first","19":"instock","20":"taxable","21":"shipping-taxable","22":"purchasable","23":"product-type-variable","24":"has-default-attributes","25":"wvs-archive-product-wrapper"},"_links":{"self":[{"href":"https:\/\/www.pomoline.com\/de\/wp-json\/wp\/v2\/product\/322350","targetHints":{"allow":["GET"]}}],"collection":[{"href":"https:\/\/www.pomoline.com\/de\/wp-json\/wp\/v2\/product"}],"about":[{"href":"https:\/\/www.pomoline.com\/de\/wp-json\/wp\/v2\/types\/product"}],"wp:featuredmedia":[{"embeddable":true,"href":"https:\/\/www.pomoline.com\/de\/wp-json\/wp\/v2\/media\/409944"}],"wp:attachment":[{"href":"https:\/\/www.pomoline.com\/de\/wp-json\/wp\/v2\/media?parent=322350"}],"wp:term":[{"taxonomy":"product_brand","embeddable":true,"href":"https:\/\/www.pomoline.com\/de\/wp-json\/wp\/v2\/product_brand?post=322350"},{"taxonomy":"product_cat","embeddable":true,"href":"https:\/\/www.pomoline.com\/de\/wp-json\/wp\/v2\/product_cat?post=322350"},{"taxonomy":"product_tag","embeddable":true,"href":"https:\/\/www.pomoline.com\/de\/wp-json\/wp\/v2\/product_tag?post=322350"}],"curies":[{"name":"wp","href":"https:\/\/api.w.org\/{rel}","templated":true}]}}