{"id":322390,"date":"2024-04-27T12:53:45","date_gmt":"2024-04-27T10:53:45","guid":{"rendered":"https:\/\/www.pomoline.com\/web-pruebas\/producto\/tirador-aluminio-anodizado-mate-herrajes-mueble-cocina-298x10x36mm\/"},"modified":"2025-03-13T23:49:17","modified_gmt":"2025-03-13T22:49:17","slug":"mobelknopf-eloxiertes-aluminium-matt-beschlage-mobel-kuche-298x10x36mm","status":"publish","type":"product","link":"https:\/\/www.pomoline.com\/de\/produkt\/mobelknopf-eloxiertes-aluminium-matt-beschlage-mobel-kuche-298x10x36mm\/","title":{"rendered":"M\u00d6BELKNOPF ELOXIERTES ALUMINIUM MATT | BESCHL\u00c4GE M\u00d6BEL K\u00dcCHE 298x10x36mm"},"content":{"rendered":"<p>Aluminiumprofilgriffe mit sehr modernen Designs, die sehr gut zu neuen M\u00f6beln und K\u00fcchenschr\u00e4nken passen.Es gibt Griffe mit den g\u00e4ngigsten LochABStand wie 64, 96, 128, 160, 192, 224, 320 mm. Dieses besondere Modell ist MOD 870<\/p>\n","protected":false},"excerpt":{"rendered":"<p>Aluminiumprofilgriffe mit sehr modernen Designs, die sehr gut zu neuen M\u00f6beln und K\u00fcchenschr\u00e4nken passen.Es gibt Griffe mit den g\u00e4ngigsten LochABStand wie 64, 96, 128, 160, 192, 224, 320 mm. Dieses besondere Modell ist MOD 870<\/p>\n","protected":false},"featured_media":409904,"template":"","meta":{"_joinchat":[]},"product_brand":[],"product_cat":[5187,957],"product_tag":[],"class_list":{"0":"post-322390","1":"product","2":"type-product","3":"status-publish","4":"has-post-thumbnail","6":"product_cat-mobelgriffe-und-knopfe-fur-schubladen","7":"product_cat-moderne-kuchengriffe","8":"pa_color-mate-aluminium-schrank-knauf-griffe-wandaufhanger-turhaken-mobel-beine","9":"pa_distancia-agujeros-tornillos-tiradores-160-mm-entre-centros-de-tornillos-cajon-puerta-mueble-de","10":"pa_tendencia-aluminium-griffe-fur-schrankkuche","12":"first","13":"outofstock","14":"taxable","15":"shipping-taxable","16":"purchasable","17":"product-type-variable","18":"has-default-attributes","19":"wvs-archive-product-wrapper"},"_links":{"self":[{"href":"https:\/\/www.pomoline.com\/de\/wp-json\/wp\/v2\/product\/322390","targetHints":{"allow":["GET"]}}],"collection":[{"href":"https:\/\/www.pomoline.com\/de\/wp-json\/wp\/v2\/product"}],"about":[{"href":"https:\/\/www.pomoline.com\/de\/wp-json\/wp\/v2\/types\/product"}],"wp:featuredmedia":[{"embeddable":true,"href":"https:\/\/www.pomoline.com\/de\/wp-json\/wp\/v2\/media\/409904"}],"wp:attachment":[{"href":"https:\/\/www.pomoline.com\/de\/wp-json\/wp\/v2\/media?parent=322390"}],"wp:term":[{"taxonomy":"product_brand","embeddable":true,"href":"https:\/\/www.pomoline.com\/de\/wp-json\/wp\/v2\/product_brand?post=322390"},{"taxonomy":"product_cat","embeddable":true,"href":"https:\/\/www.pomoline.com\/de\/wp-json\/wp\/v2\/product_cat?post=322390"},{"taxonomy":"product_tag","embeddable":true,"href":"https:\/\/www.pomoline.com\/de\/wp-json\/wp\/v2\/product_tag?post=322390"}],"curies":[{"name":"wp","href":"https:\/\/api.w.org\/{rel}","templated":true}]}}