{"id":322418,"date":"2024-04-27T12:54:24","date_gmt":"2024-04-27T10:54:24","guid":{"rendered":"https:\/\/www.pomoline.com\/web-pruebas\/producto\/tirador-embutir-metal-cromo-brillo-puerta-corredera-50x50mm\/"},"modified":"2025-03-13T23:47:21","modified_gmt":"2025-03-13T22:47:21","slug":"mobelknopf-abfull-metall-chrom-glanzend-schiebetur-50x50mm","status":"publish","type":"product","link":"https:\/\/www.pomoline.com\/de\/produkt\/mobelknopf-abfull-metall-chrom-glanzend-schiebetur-50x50mm\/","title":{"rendered":"M\u00d6BELKNOPF ABF\u00dcLL METALL CHROM GL\u00c4NZEND SCHIEBET\u00dcR 50X50MM"},"content":{"rendered":"<p>Wir bieten Ihnen Metalllgriffe f\u00fcr T\u00fcren und K\u00fcchenschr\u00e4nke mit matten Chrom, Nickel und Stahloberfl\u00e4chen. Die Designs sind exklusiv und sehr aktuell, ideal f\u00fcr die Montage in Schubladen. Dieses besondere Modell ist MOD 865 M\u00f6belgriff abf\u00fcll Metall Chrom<\/p>\n","protected":false},"excerpt":{"rendered":"<p>Wir bieten Ihnen Metalllgriffe f\u00fcr T\u00fcren und K\u00fcchenschr\u00e4nke mit matten Chrom, Nickel und Stahloberfl\u00e4chen. Die Designs sind exklusiv und sehr aktuell, ideal f\u00fcr die Montage in Schubladen. Dieses besondere Modell ist MOD 865 M\u00f6belgriff abf\u00fcll Metall Chrom<\/p>\n","protected":false},"featured_media":409884,"template":"","meta":{"_joinchat":[]},"product_brand":[],"product_cat":[5187,957],"product_tag":[],"class_list":{"0":"post-322418","1":"product","2":"type-product","3":"status-publish","4":"has-post-thumbnail","6":"product_cat-mobelgriffe-und-knopfe-fur-schubladen","7":"product_cat-moderne-kuchengriffe","8":"pa_color-geburstetes-nickel-schrank-griffe-griffe-wandaufhanger-turhaken-mobelbeine","9":"pa_color-matt-chrom-schrankgriffe-griffe-wandaufhanger-turhaken-mobelbeine","10":"pa_tendencia-kleiderschrank-schrank-griffe","12":"first","13":"instock","14":"taxable","15":"shipping-taxable","16":"purchasable","17":"product-type-variable","18":"has-default-attributes","19":"wvs-archive-product-wrapper"},"_links":{"self":[{"href":"https:\/\/www.pomoline.com\/de\/wp-json\/wp\/v2\/product\/322418","targetHints":{"allow":["GET"]}}],"collection":[{"href":"https:\/\/www.pomoline.com\/de\/wp-json\/wp\/v2\/product"}],"about":[{"href":"https:\/\/www.pomoline.com\/de\/wp-json\/wp\/v2\/types\/product"}],"wp:featuredmedia":[{"embeddable":true,"href":"https:\/\/www.pomoline.com\/de\/wp-json\/wp\/v2\/media\/409884"}],"wp:attachment":[{"href":"https:\/\/www.pomoline.com\/de\/wp-json\/wp\/v2\/media?parent=322418"}],"wp:term":[{"taxonomy":"product_brand","embeddable":true,"href":"https:\/\/www.pomoline.com\/de\/wp-json\/wp\/v2\/product_brand?post=322418"},{"taxonomy":"product_cat","embeddable":true,"href":"https:\/\/www.pomoline.com\/de\/wp-json\/wp\/v2\/product_cat?post=322418"},{"taxonomy":"product_tag","embeddable":true,"href":"https:\/\/www.pomoline.com\/de\/wp-json\/wp\/v2\/product_tag?post=322418"}],"curies":[{"name":"wp","href":"https:\/\/api.w.org\/{rel}","templated":true}]}}