{"id":322422,"date":"2024-04-27T12:54:31","date_gmt":"2024-04-27T10:54:31","guid":{"rendered":"https:\/\/www.pomoline.com\/web-pruebas\/producto\/tirador-embutir-cromo-brillo-puerta-armario-106x42mm\/"},"modified":"2025-03-13T23:47:03","modified_gmt":"2025-03-13T22:47:03","slug":"mobelknopf-abfull-chrom-glanzend-tur-schrank-106x42mm","status":"publish","type":"product","link":"https:\/\/www.pomoline.com\/de\/produkt\/mobelknopf-abfull-chrom-glanzend-tur-schrank-106x42mm\/","title":{"rendered":"M\u00d6BELKNOPF ABF\u00dcLL CHROM GL\u00c4NZEND T\u00dcR SCHRANK 106X42MM"},"content":{"rendered":"<p>Griffe f\u00fcr Schrankt\u00fcr und Innenschublade mit allem notwendigen Montagezubeh\u00f6r und mit sehr guter Metalllverarbeitung. Dieses besondere Modell ist MOD 864 ARM M\u00f6belgriff abf\u00fcll Chrom Gl\u00e4nzend T\u00fcr Schrank 106x42mm<\/p>\n","protected":false},"excerpt":{"rendered":"<p>Griffe f\u00fcr Schrankt\u00fcr und Innenschublade mit allem notwendigen Montagezubeh\u00f6r und mit sehr guter Metalllverarbeitung. Dieses besondere Modell ist MOD 864 ARM M\u00f6belgriff abf\u00fcll Chrom Gl\u00e4nzend T\u00fcr Schrank 106x42mm<\/p>\n","protected":false},"featured_media":409880,"template":"","meta":{"_joinchat":[]},"product_brand":[],"product_cat":[1013],"product_tag":[],"class_list":{"0":"post-322422","1":"product","2":"type-product","3":"status-publish","4":"has-post-thumbnail","6":"product_cat-turgriffe-schiebe-turgriffe-rossette-turknopfe-schlusselloch-drehriegel-klinkenschloss","8":"first","9":"outofstock","10":"taxable","11":"shipping-taxable","12":"purchasable","13":"product-type-variable","14":"wvs-archive-product-wrapper"},"_links":{"self":[{"href":"https:\/\/www.pomoline.com\/de\/wp-json\/wp\/v2\/product\/322422","targetHints":{"allow":["GET"]}}],"collection":[{"href":"https:\/\/www.pomoline.com\/de\/wp-json\/wp\/v2\/product"}],"about":[{"href":"https:\/\/www.pomoline.com\/de\/wp-json\/wp\/v2\/types\/product"}],"wp:featuredmedia":[{"embeddable":true,"href":"https:\/\/www.pomoline.com\/de\/wp-json\/wp\/v2\/media\/409880"}],"wp:attachment":[{"href":"https:\/\/www.pomoline.com\/de\/wp-json\/wp\/v2\/media?parent=322422"}],"wp:term":[{"taxonomy":"product_brand","embeddable":true,"href":"https:\/\/www.pomoline.com\/de\/wp-json\/wp\/v2\/product_brand?post=322422"},{"taxonomy":"product_cat","embeddable":true,"href":"https:\/\/www.pomoline.com\/de\/wp-json\/wp\/v2\/product_cat?post=322422"},{"taxonomy":"product_tag","embeddable":true,"href":"https:\/\/www.pomoline.com\/de\/wp-json\/wp\/v2\/product_tag?post=322422"}],"curies":[{"name":"wp","href":"https:\/\/api.w.org\/{rel}","templated":true}]}}