{"id":322434,"date":"2024-04-27T12:54:47","date_gmt":"2024-04-27T10:54:47","guid":{"rendered":"https:\/\/www.pomoline.com\/web-pruebas\/producto\/pomos-y-tiradores-de-aluminio-baratos-diam-20x25mm\/"},"modified":"2025-03-13T23:46:13","modified_gmt":"2025-03-13T22:46:13","slug":"knopfe-und-mobelknopfe-aus-aluminium-billig-diam-20x25mm","status":"publish","type":"product","link":"https:\/\/www.pomoline.com\/de\/produkt\/knopfe-und-mobelknopfe-aus-aluminium-billig-diam-20x25mm\/","title":{"rendered":"KN\u00d6PFE UND M\u00d6BELKN\u00d6PFE AUS ALUMINIUM BILLIG diam 20x25mm"},"content":{"rendered":"<p>M\u00f6belkn\u00f6pfe de Aluminium Massiv en Finish matt mit Designs f\u00fcr M\u00f6belschublade modern. Dieses besondere Modell ist MOD 862 M\u00f6belkn\u00f6pfe und M\u00f6belgriffe von Aluminium billig Durchmesser 20x25mm<\/p>\n","protected":false},"excerpt":{"rendered":"<p>M\u00f6belkn\u00f6pfe de Aluminium Massiv en Finish matt mit Designs f\u00fcr M\u00f6belschublade modern. Dieses besondere Modell ist MOD 862 M\u00f6belkn\u00f6pfe und M\u00f6belgriffe von Aluminium billig Durchmesser 20x25mm<\/p>\n","protected":false},"featured_media":409872,"template":"","meta":{"_joinchat":[]},"product_brand":[],"product_cat":[961,5187],"product_tag":[],"class_list":{"0":"post-322434","1":"product","2":"type-product","3":"status-publish","4":"has-post-thumbnail","6":"product_cat-griffe-fur-mobel","7":"product_cat-mobelgriffe-und-knopfe-fur-schubladen","8":"pa_color-mate-aluminium-schrank-knauf-griffe-wandaufhanger-turhaken-mobel-beine","9":"pa_tendencia-schrank-knopfe-moderne-schublade","11":"first","12":"instock","13":"taxable","14":"shipping-taxable","15":"purchasable","16":"product-type-variable","17":"has-default-attributes","18":"wvs-archive-product-wrapper"},"_links":{"self":[{"href":"https:\/\/www.pomoline.com\/de\/wp-json\/wp\/v2\/product\/322434","targetHints":{"allow":["GET"]}}],"collection":[{"href":"https:\/\/www.pomoline.com\/de\/wp-json\/wp\/v2\/product"}],"about":[{"href":"https:\/\/www.pomoline.com\/de\/wp-json\/wp\/v2\/types\/product"}],"wp:featuredmedia":[{"embeddable":true,"href":"https:\/\/www.pomoline.com\/de\/wp-json\/wp\/v2\/media\/409872"}],"wp:attachment":[{"href":"https:\/\/www.pomoline.com\/de\/wp-json\/wp\/v2\/media?parent=322434"}],"wp:term":[{"taxonomy":"product_brand","embeddable":true,"href":"https:\/\/www.pomoline.com\/de\/wp-json\/wp\/v2\/product_brand?post=322434"},{"taxonomy":"product_cat","embeddable":true,"href":"https:\/\/www.pomoline.com\/de\/wp-json\/wp\/v2\/product_cat?post=322434"},{"taxonomy":"product_tag","embeddable":true,"href":"https:\/\/www.pomoline.com\/de\/wp-json\/wp\/v2\/product_tag?post=322434"}],"curies":[{"name":"wp","href":"https:\/\/api.w.org\/{rel}","templated":true}]}}