{"id":322446,"date":"2024-04-27T12:55:03","date_gmt":"2024-04-27T10:55:03","guid":{"rendered":"https:\/\/www.pomoline.com\/web-pruebas\/producto\/tirador-asa-aluminio-anodizado-herrajes-mueble-cocina-30x8mm\/"},"modified":"2025-03-13T23:45:23","modified_gmt":"2025-03-13T22:45:23","slug":"mobelknopf-griff-eloxiertes-aluminium-beschlage-mobel-kuche-30x8mm","status":"publish","type":"product","link":"https:\/\/www.pomoline.com\/de\/produkt\/mobelknopf-griff-eloxiertes-aluminium-beschlage-mobel-kuche-30x8mm\/","title":{"rendered":"M\u00d6BELKNOPF GRIFF ELOXIERTES ALUMINIUM | BESCHL\u00c4GE M\u00d6BEL K\u00dcCHE 30X8MM"},"content":{"rendered":"<p>Aluminiumprofilgriffe mit sehr modernen Designs, die sehr gut zu neuen M\u00f6beln und K\u00fcchenschr\u00e4nken passen.Es gibt Griffe mit den g\u00e4ngigsten LochABStand wie 64, 96, 128, 160, 192, 224, 320 mm. Dieses besondere Modell ist MOD 857<\/p>\n","protected":false},"excerpt":{"rendered":"<p>Aluminiumprofilgriffe mit sehr modernen Designs, die sehr gut zu neuen M\u00f6beln und K\u00fcchenschr\u00e4nken passen.Es gibt Griffe mit den g\u00e4ngigsten LochABStand wie 64, 96, 128, 160, 192, 224, 320 mm. Dieses besondere Modell ist MOD 857<\/p>\n","protected":false},"featured_media":409860,"template":"","meta":{"_joinchat":[]},"product_brand":[],"product_cat":[5187,957],"product_tag":[],"class_list":{"0":"post-322446","1":"product","2":"type-product","3":"status-publish","4":"has-post-thumbnail","6":"product_cat-mobelgriffe-und-knopfe-fur-schubladen","7":"product_cat-moderne-kuchengriffe","8":"pa_color-mate-aluminium-schrank-knauf-griffe-wandaufhanger-turhaken-mobel-beine","9":"pa_distancia-agujeros-tornillos-tiradores-16-mm-entre-centros-de-tornillos-cajon-puerta-mueble-de","10":"pa_distancia-agujeros-tornillos-tiradores-64-mm-entre-centros-de-tornillos-cajon-puerta-mueble-de","11":"pa_distancia-agujeros-tornillos-tiradores-96-mm-entre-centros-de-tornillos-cajon-puerta-mueble-de","12":"pa_distancia-agujeros-tornillos-tiradores-128-mm-entre-centros-de-tornillos-cajon-puerta-mueble-de","13":"pa_distancia-agujeros-tornillos-tiradores-160-mm-entre-centros-de-tornillos-cajon-puerta-mueble-de","14":"pa_distancia-agujeros-tornillos-tiradores-192-mm-entre-centros-de-tornillos-cajon-puerta-mueble-de","15":"pa_tendencia-kuchenschrank-griffe-mobel","16":"pa_tendencia-aluminium-griffe-fur-schrankkuche","18":"first","19":"instock","20":"taxable","21":"shipping-taxable","22":"purchasable","23":"product-type-variable","24":"has-default-attributes","25":"wvs-archive-product-wrapper"},"_links":{"self":[{"href":"https:\/\/www.pomoline.com\/de\/wp-json\/wp\/v2\/product\/322446","targetHints":{"allow":["GET"]}}],"collection":[{"href":"https:\/\/www.pomoline.com\/de\/wp-json\/wp\/v2\/product"}],"about":[{"href":"https:\/\/www.pomoline.com\/de\/wp-json\/wp\/v2\/types\/product"}],"wp:featuredmedia":[{"embeddable":true,"href":"https:\/\/www.pomoline.com\/de\/wp-json\/wp\/v2\/media\/409860"}],"wp:attachment":[{"href":"https:\/\/www.pomoline.com\/de\/wp-json\/wp\/v2\/media?parent=322446"}],"wp:term":[{"taxonomy":"product_brand","embeddable":true,"href":"https:\/\/www.pomoline.com\/de\/wp-json\/wp\/v2\/product_brand?post=322446"},{"taxonomy":"product_cat","embeddable":true,"href":"https:\/\/www.pomoline.com\/de\/wp-json\/wp\/v2\/product_cat?post=322446"},{"taxonomy":"product_tag","embeddable":true,"href":"https:\/\/www.pomoline.com\/de\/wp-json\/wp\/v2\/product_tag?post=322446"}],"curies":[{"name":"wp","href":"https:\/\/api.w.org\/{rel}","templated":true}]}}