{"id":322458,"date":"2024-04-27T12:55:23","date_gmt":"2024-04-27T10:55:23","guid":{"rendered":"https:\/\/www.pomoline.com\/web-pruebas\/producto\/tirador-asa-aluminio-metal-anodizado-herrajes-mueble-cocina-160mm\/"},"modified":"2025-03-13T23:44:29","modified_gmt":"2025-03-13T22:44:29","slug":"mobelknopf-griff-eloxiertes-aluminium-metall-beschlage-mobel-kuche-160mm","status":"publish","type":"product","link":"https:\/\/www.pomoline.com\/de\/produkt\/mobelknopf-griff-eloxiertes-aluminium-metall-beschlage-mobel-kuche-160mm\/","title":{"rendered":"M\u00d6BELKNOPF GRIFF ELOXIERTES ALUMINIUM METALL | BESCHL\u00c4GE M\u00d6BEL K\u00dcCHE 160MM"},"content":{"rendered":"<p>Aluminiumprofilgriffe mit sehr modernen Designs, die sehr gut zu neuen M\u00f6beln und K\u00fcchenschr\u00e4nken passen.Es gibt Griffe mit den g\u00e4ngigsten LochABStand wie 64, 96, 128, 160, 192, 224, 320 mm. Dieses besondere Modell ist MOD 853<\/p>\n","protected":false},"excerpt":{"rendered":"<p>Aluminiumprofilgriffe mit sehr modernen Designs, die sehr gut zu neuen M\u00f6beln und K\u00fcchenschr\u00e4nken passen.Es gibt Griffe mit den g\u00e4ngigsten LochABStand wie 64, 96, 128, 160, 192, 224, 320 mm. Dieses besondere Modell ist MOD 853<\/p>\n","protected":false},"featured_media":409848,"template":"","meta":{"_joinchat":[]},"product_brand":[],"product_cat":[5187,957],"product_tag":[],"class_list":{"0":"post-322458","1":"product","2":"type-product","3":"status-publish","4":"has-post-thumbnail","6":"product_cat-mobelgriffe-und-knopfe-fur-schubladen","7":"product_cat-moderne-kuchengriffe","8":"pa_color-mate-aluminium-schrank-knauf-griffe-wandaufhanger-turhaken-mobel-beine","9":"pa_distancia-agujeros-tornillos-tiradores-32-mm-entre-centros-de-tornillos-cajon-puerta-mueble-de","10":"pa_distancia-agujeros-tornillos-tiradores-64-mm-entre-centros-de-tornillos-cajon-puerta-mueble-de","11":"pa_distancia-agujeros-tornillos-tiradores-96-mm-entre-centros-de-tornillos-cajon-puerta-mueble-de","12":"pa_distancia-agujeros-tornillos-tiradores-128-mm-entre-centros-de-tornillos-cajon-puerta-mueble-de","13":"pa_distancia-agujeros-tornillos-tiradores-160-mm-entre-centros-de-tornillos-cajon-puerta-mueble-de","14":"pa_tendencia-aluminium-griffe-fur-schrankkuche","16":"first","17":"instock","18":"taxable","19":"shipping-taxable","20":"purchasable","21":"product-type-variable","22":"has-default-attributes","23":"wvs-archive-product-wrapper"},"_links":{"self":[{"href":"https:\/\/www.pomoline.com\/de\/wp-json\/wp\/v2\/product\/322458","targetHints":{"allow":["GET"]}}],"collection":[{"href":"https:\/\/www.pomoline.com\/de\/wp-json\/wp\/v2\/product"}],"about":[{"href":"https:\/\/www.pomoline.com\/de\/wp-json\/wp\/v2\/types\/product"}],"wp:featuredmedia":[{"embeddable":true,"href":"https:\/\/www.pomoline.com\/de\/wp-json\/wp\/v2\/media\/409848"}],"wp:attachment":[{"href":"https:\/\/www.pomoline.com\/de\/wp-json\/wp\/v2\/media?parent=322458"}],"wp:term":[{"taxonomy":"product_brand","embeddable":true,"href":"https:\/\/www.pomoline.com\/de\/wp-json\/wp\/v2\/product_brand?post=322458"},{"taxonomy":"product_cat","embeddable":true,"href":"https:\/\/www.pomoline.com\/de\/wp-json\/wp\/v2\/product_cat?post=322458"},{"taxonomy":"product_tag","embeddable":true,"href":"https:\/\/www.pomoline.com\/de\/wp-json\/wp\/v2\/product_tag?post=322458"}],"curies":[{"name":"wp","href":"https:\/\/api.w.org\/{rel}","templated":true}]}}