{"id":322462,"date":"2024-04-27T12:55:29","date_gmt":"2024-04-27T10:55:29","guid":{"rendered":"https:\/\/www.pomoline.com\/web-pruebas\/producto\/tope-puerta-acero-inoxidable-aisi-304-suelo-parquet-44x27mm\/"},"modified":"2025-03-13T23:44:11","modified_gmt":"2025-03-13T22:44:11","slug":"turstopper-edelstahl-aisi-304-parkettboden-44x27mm","status":"publish","type":"product","link":"https:\/\/www.pomoline.com\/de\/produkt\/turstopper-edelstahl-aisi-304-parkettboden-44x27mm\/","title":{"rendered":"T\u00dcRSTOPPER EDELSTAHL AISI-304 PARKETTBODEN 44x27MM"},"content":{"rendered":"<p>T\u00fcrentopper aus Edelstahl AISI 304 Qualit\u00e4t Korrosionsschutz genarbt. Einschlie\u00dflich aller notwendigen Teile f\u00fcr die Montage am Boden.Dieses besondere Modell ist MOD 834 T\u00fcrentopper Edelstahl AISI-304 Parkettboden 44x27mm<\/p>\n","protected":false},"excerpt":{"rendered":"<p>T\u00fcrentopper aus Edelstahl AISI 304 Qualit\u00e4t Korrosionsschutz genarbt. Einschlie\u00dflich aller notwendigen Teile f\u00fcr die Montage am Boden.Dieses besondere Modell ist MOD 834 T\u00fcrentopper Edelstahl AISI-304 Parkettboden 44x27mm<\/p>\n","protected":false},"featured_media":409844,"template":"","meta":{"_joinchat":[]},"product_brand":[],"product_cat":[1025],"product_tag":[],"class_list":{"0":"post-322462","1":"product","2":"type-product","3":"status-publish","4":"has-post-thumbnail","6":"product_cat-turstopper-metall-beizen-holz-selbstklebend-edelstahl-fur-tur","7":"pa_color-rostfreier-stahl-griffe-griffe-wandaufhanger-turhaken-mobelbeine","8":"pa_tendencia-turstopper-fur-boden","10":"first","11":"instock","12":"taxable","13":"shipping-taxable","14":"purchasable","15":"product-type-variable","16":"has-default-attributes","17":"wvs-archive-product-wrapper"},"_links":{"self":[{"href":"https:\/\/www.pomoline.com\/de\/wp-json\/wp\/v2\/product\/322462","targetHints":{"allow":["GET"]}}],"collection":[{"href":"https:\/\/www.pomoline.com\/de\/wp-json\/wp\/v2\/product"}],"about":[{"href":"https:\/\/www.pomoline.com\/de\/wp-json\/wp\/v2\/types\/product"}],"wp:featuredmedia":[{"embeddable":true,"href":"https:\/\/www.pomoline.com\/de\/wp-json\/wp\/v2\/media\/409844"}],"wp:attachment":[{"href":"https:\/\/www.pomoline.com\/de\/wp-json\/wp\/v2\/media?parent=322462"}],"wp:term":[{"taxonomy":"product_brand","embeddable":true,"href":"https:\/\/www.pomoline.com\/de\/wp-json\/wp\/v2\/product_brand?post=322462"},{"taxonomy":"product_cat","embeddable":true,"href":"https:\/\/www.pomoline.com\/de\/wp-json\/wp\/v2\/product_cat?post=322462"},{"taxonomy":"product_tag","embeddable":true,"href":"https:\/\/www.pomoline.com\/de\/wp-json\/wp\/v2\/product_tag?post=322462"}],"curies":[{"name":"wp","href":"https:\/\/api.w.org\/{rel}","templated":true}]}}