{"id":322466,"date":"2024-04-27T12:55:34","date_gmt":"2024-04-27T10:55:34","guid":{"rendered":"https:\/\/www.pomoline.com\/web-pruebas\/producto\/tope-puerta-acero-inoxidable-aisi-304-suelo-parquet-30x40mm\/"},"modified":"2025-03-13T23:43:55","modified_gmt":"2025-03-13T22:43:55","slug":"turstopper-edelstahl-aisi-304-parkettboden-30x40mm","status":"publish","type":"product","link":"https:\/\/www.pomoline.com\/de\/produkt\/turstopper-edelstahl-aisi-304-parkettboden-30x40mm\/","title":{"rendered":"T\u00dcRSTOPPER EDELSTAHL AISI-304 PARKETTBODEN 30x40MM"},"content":{"rendered":"<p>T\u00fcrentopper aus Edelstahl AISI 304 Qualit\u00e4t Korrosionsschutz genarbt. Einschlie\u00dflich aller notwendigen Teile f\u00fcr die Montage am Boden.Dieses besondere Modell ist MOD 833 T\u00fcrentopper Edelstahl AISI-304 Parkettboden 30x40mm<\/p>\n","protected":false},"excerpt":{"rendered":"<p>T\u00fcrentopper aus Edelstahl AISI 304 Qualit\u00e4t Korrosionsschutz genarbt. Einschlie\u00dflich aller notwendigen Teile f\u00fcr die Montage am Boden.Dieses besondere Modell ist MOD 833 T\u00fcrentopper Edelstahl AISI-304 Parkettboden 30x40mm<\/p>\n","protected":false},"featured_media":409840,"template":"","meta":{"_joinchat":[]},"product_brand":[],"product_cat":[1025],"product_tag":[],"class_list":{"0":"post-322466","1":"product","2":"type-product","3":"status-publish","4":"has-post-thumbnail","6":"product_cat-turstopper-metall-beizen-holz-selbstklebend-edelstahl-fur-tur","7":"pa_color-rostfreier-stahl-griffe-griffe-wandaufhanger-turhaken-mobelbeine","8":"pa_tendencia-turstopper-fur-boden","10":"first","11":"instock","12":"taxable","13":"shipping-taxable","14":"purchasable","15":"product-type-variable","16":"has-default-attributes","17":"wvs-archive-product-wrapper"},"_links":{"self":[{"href":"https:\/\/www.pomoline.com\/de\/wp-json\/wp\/v2\/product\/322466","targetHints":{"allow":["GET"]}}],"collection":[{"href":"https:\/\/www.pomoline.com\/de\/wp-json\/wp\/v2\/product"}],"about":[{"href":"https:\/\/www.pomoline.com\/de\/wp-json\/wp\/v2\/types\/product"}],"wp:featuredmedia":[{"embeddable":true,"href":"https:\/\/www.pomoline.com\/de\/wp-json\/wp\/v2\/media\/409840"}],"wp:attachment":[{"href":"https:\/\/www.pomoline.com\/de\/wp-json\/wp\/v2\/media?parent=322466"}],"wp:term":[{"taxonomy":"product_brand","embeddable":true,"href":"https:\/\/www.pomoline.com\/de\/wp-json\/wp\/v2\/product_brand?post=322466"},{"taxonomy":"product_cat","embeddable":true,"href":"https:\/\/www.pomoline.com\/de\/wp-json\/wp\/v2\/product_cat?post=322466"},{"taxonomy":"product_tag","embeddable":true,"href":"https:\/\/www.pomoline.com\/de\/wp-json\/wp\/v2\/product_tag?post=322466"}],"curies":[{"name":"wp","href":"https:\/\/api.w.org\/{rel}","templated":true}]}}