{"id":322474,"date":"2024-04-27T12:55:46","date_gmt":"2024-04-27T10:55:46","guid":{"rendered":"https:\/\/www.pomoline.com\/web-pruebas\/producto\/tirador-pomo-acero-inoxidable-herrajes-mueble-bano\/"},"modified":"2025-03-13T23:43:22","modified_gmt":"2025-03-13T22:43:22","slug":"mobelknopf-knopf-edelstahl-beschlage-badezimmermobel","status":"publish","type":"product","link":"https:\/\/www.pomoline.com\/de\/produkt\/mobelknopf-knopf-edelstahl-beschlage-badezimmermobel\/","title":{"rendered":"M\u00d6BELKNOPF KNOPF EDELSTAHL | BESCHL\u00c4GE BADEZIMMERM\u00d6BEL"},"content":{"rendered":"<p>M\u00f6belkn\u00f6pfe aus Metall aus hochwertigem Edelstahl AISI 304, dieses Metall ist gegen Korrosion garantiert. Dieses besondere Modell ist MOD 829 M\u00f6belgriff M\u00f6belknopf Edelstahl | Beschl\u00e4ge M\u00f6bel Badezimmer<\/p>\n","protected":false},"excerpt":{"rendered":"<p>M\u00f6belkn\u00f6pfe aus Metall aus hochwertigem Edelstahl AISI 304, dieses Metall ist gegen Korrosion garantiert. Dieses besondere Modell ist MOD 829 M\u00f6belgriff M\u00f6belknopf Edelstahl | Beschl\u00e4ge M\u00f6bel Badezimmer<\/p>\n","protected":false},"featured_media":409832,"template":"","meta":{"_joinchat":[]},"product_brand":[],"product_cat":[961,5187],"product_tag":[],"class_list":{"0":"post-322474","1":"product","2":"type-product","3":"status-publish","4":"has-post-thumbnail","6":"product_cat-griffe-fur-mobel","7":"product_cat-mobelgriffe-und-knopfe-fur-schubladen","8":"pa_color-rostfreier-stahl-griffe-griffe-wandaufhanger-turhaken-mobelbeine","9":"pa_tendencia-edelstahl-mobelknopfe-griffe","11":"first","12":"instock","13":"taxable","14":"shipping-taxable","15":"purchasable","16":"product-type-variable","17":"has-default-attributes","18":"wvs-archive-product-wrapper"},"_links":{"self":[{"href":"https:\/\/www.pomoline.com\/de\/wp-json\/wp\/v2\/product\/322474","targetHints":{"allow":["GET"]}}],"collection":[{"href":"https:\/\/www.pomoline.com\/de\/wp-json\/wp\/v2\/product"}],"about":[{"href":"https:\/\/www.pomoline.com\/de\/wp-json\/wp\/v2\/types\/product"}],"wp:featuredmedia":[{"embeddable":true,"href":"https:\/\/www.pomoline.com\/de\/wp-json\/wp\/v2\/media\/409832"}],"wp:attachment":[{"href":"https:\/\/www.pomoline.com\/de\/wp-json\/wp\/v2\/media?parent=322474"}],"wp:term":[{"taxonomy":"product_brand","embeddable":true,"href":"https:\/\/www.pomoline.com\/de\/wp-json\/wp\/v2\/product_brand?post=322474"},{"taxonomy":"product_cat","embeddable":true,"href":"https:\/\/www.pomoline.com\/de\/wp-json\/wp\/v2\/product_cat?post=322474"},{"taxonomy":"product_tag","embeddable":true,"href":"https:\/\/www.pomoline.com\/de\/wp-json\/wp\/v2\/product_tag?post=322474"}],"curies":[{"name":"wp","href":"https:\/\/api.w.org\/{rel}","templated":true}]}}