{"id":322482,"date":"2024-04-27T12:55:58","date_gmt":"2024-04-27T10:55:58","guid":{"rendered":"https:\/\/www.pomoline.com\/web-pruebas\/producto\/tirador-pomo-de-mueble-acero-inoxidable-puerta-armario-bano-25mm\/"},"modified":"2025-03-13T23:42:49","modified_gmt":"2025-03-13T22:42:49","slug":"edelstahl-mobelknopf-griff-badezimmer-schranktur-25mm","status":"publish","type":"product","link":"https:\/\/www.pomoline.com\/de\/produkt\/edelstahl-mobelknopf-griff-badezimmer-schranktur-25mm\/","title":{"rendered":"M\u00d6BELKNOPFGRIFF AUS EDELSTAHL F\u00dcR BADEZIMMERSCHRANKT\u00dcREN, 25 MM"},"content":{"rendered":"<p>Metallm\u00f6bel-Schubladenkn\u00f6pfe aus Edelstahl der Qualit\u00e4t AISI 304, dieses Metall ist garantiert korrosionsbest\u00e4ndig. Bei diesem speziellen Modell handelt es sich um einen M\u00f6belknopfgriff aus Edelstahl MOD 826 f\u00fcr Badezimmerschrankt\u00fcren mit einer St\u00e4rke von 25 mm<\/p>\n","protected":false},"excerpt":{"rendered":"<p>Metallm\u00f6bel-Schubladenkn\u00f6pfe aus Edelstahl der Qualit\u00e4t AISI 304, dieses Metall ist garantiert korrosionsbest\u00e4ndig. Bei diesem speziellen Modell handelt es sich um einen M\u00f6belknopfgriff aus Edelstahl MOD 826 f\u00fcr Badezimmerschrankt\u00fcren mit einer St\u00e4rke von 25 mm<\/p>\n","protected":false},"featured_media":409824,"template":"","meta":{"_joinchat":[]},"product_brand":[],"product_cat":[961,5187],"product_tag":[],"class_list":{"0":"post-322482","1":"product","2":"type-product","3":"status-publish","4":"has-post-thumbnail","6":"product_cat-griffe-fur-mobel","7":"product_cat-mobelgriffe-und-knopfe-fur-schubladen","8":"pa_color-rostfreier-stahl-griffe-griffe-wandaufhanger-turhaken-mobelbeine","9":"pa_tendencia-edelstahl-mobelknopfe-griffe","11":"first","12":"instock","13":"taxable","14":"shipping-taxable","15":"purchasable","16":"product-type-variable","17":"has-default-attributes","18":"wvs-archive-product-wrapper"},"_links":{"self":[{"href":"https:\/\/www.pomoline.com\/de\/wp-json\/wp\/v2\/product\/322482","targetHints":{"allow":["GET"]}}],"collection":[{"href":"https:\/\/www.pomoline.com\/de\/wp-json\/wp\/v2\/product"}],"about":[{"href":"https:\/\/www.pomoline.com\/de\/wp-json\/wp\/v2\/types\/product"}],"wp:featuredmedia":[{"embeddable":true,"href":"https:\/\/www.pomoline.com\/de\/wp-json\/wp\/v2\/media\/409824"}],"wp:attachment":[{"href":"https:\/\/www.pomoline.com\/de\/wp-json\/wp\/v2\/media?parent=322482"}],"wp:term":[{"taxonomy":"product_brand","embeddable":true,"href":"https:\/\/www.pomoline.com\/de\/wp-json\/wp\/v2\/product_brand?post=322482"},{"taxonomy":"product_cat","embeddable":true,"href":"https:\/\/www.pomoline.com\/de\/wp-json\/wp\/v2\/product_cat?post=322482"},{"taxonomy":"product_tag","embeddable":true,"href":"https:\/\/www.pomoline.com\/de\/wp-json\/wp\/v2\/product_tag?post=322482"}],"curies":[{"name":"wp","href":"https:\/\/api.w.org\/{rel}","templated":true}]}}