{"id":322542,"date":"2024-04-27T12:57:21","date_gmt":"2024-04-27T10:57:21","guid":{"rendered":"https:\/\/www.pomoline.com\/web-pruebas\/producto\/tirador-asa-de-mueble-metal-cromo-puerta-armario-cocina-bano\/"},"modified":"2025-03-13T23:38:40","modified_gmt":"2025-03-13T22:38:40","slug":"mobelknopf-mobelgriff-metall-chrom-tur-schrank-kuche-badezimmer","status":"publish","type":"product","link":"https:\/\/www.pomoline.com\/de\/produkt\/mobelknopf-mobelgriff-metall-chrom-tur-schrank-kuche-badezimmer\/","title":{"rendered":"M\u00d6BELKNOPF M\u00d6BELGRIFF METALL CHROM T\u00dcR SCHRANK K\u00dcCHE BADEZIMMER"},"content":{"rendered":"<p>Imposanter Metallgriff mit zwei Oberfl\u00e4chen, Nickel matt oder Chrom matt, von sehr guter Qualit\u00e4t f\u00fcr jede Art von M\u00f6beln, sehr empfehlenswert f\u00fcr K\u00fcchenm\u00f6bel. Der Schraubenabstand betr\u00e4gt 16 cm, was Standardma\u00dfe sind, mit leichtem \u00d6ffnen. Moderner und ak<\/p>\n","protected":false},"excerpt":{"rendered":"<p>Imposanter Metallgriff mit zwei Oberfl\u00e4chen, Nickel matt oder Chrom matt, von sehr guter Qualit\u00e4t f\u00fcr jede Art von M\u00f6beln, sehr empfehlenswert f\u00fcr K\u00fcchenm\u00f6bel. Der Schraubenabstand betr\u00e4gt 16 cm, was Standardma\u00dfe sind, mit leichtem \u00d6ffnen. Moderner und ak<\/p>\n","protected":false},"featured_media":409764,"template":"","meta":{"_joinchat":[]},"product_brand":[],"product_cat":[5358,5187,957,5355],"product_tag":[],"class_list":{"0":"post-322542","1":"product","2":"type-product","3":"status-publish","4":"has-post-thumbnail","6":"product_cat-ofertas-de","7":"product_cat-mobelgriffe-und-knopfe-fur-schubladen","8":"product_cat-moderne-kuchengriffe","9":"product_cat-ofertas","10":"pa_color-geburstetes-nickel-schrank-griffe-griffe-wandaufhanger-turhaken-mobelbeine","11":"pa_color-matt-chrom-schrankgriffe-griffe-wandaufhanger-turhaken-mobelbeine","12":"pa_distancia-agujeros-tornillos-tiradores-160-mm-entre-centros-de-tornillos-cajon-puerta-mueble-de","13":"pa_tendencia-moderne-designer-mobelgriffe","15":"first","16":"instock","17":"sale","18":"taxable","19":"shipping-taxable","20":"purchasable","21":"product-type-variable","22":"has-default-attributes","23":"wvs-archive-product-wrapper"},"_links":{"self":[{"href":"https:\/\/www.pomoline.com\/de\/wp-json\/wp\/v2\/product\/322542","targetHints":{"allow":["GET"]}}],"collection":[{"href":"https:\/\/www.pomoline.com\/de\/wp-json\/wp\/v2\/product"}],"about":[{"href":"https:\/\/www.pomoline.com\/de\/wp-json\/wp\/v2\/types\/product"}],"wp:featuredmedia":[{"embeddable":true,"href":"https:\/\/www.pomoline.com\/de\/wp-json\/wp\/v2\/media\/409764"}],"wp:attachment":[{"href":"https:\/\/www.pomoline.com\/de\/wp-json\/wp\/v2\/media?parent=322542"}],"wp:term":[{"taxonomy":"product_brand","embeddable":true,"href":"https:\/\/www.pomoline.com\/de\/wp-json\/wp\/v2\/product_brand?post=322542"},{"taxonomy":"product_cat","embeddable":true,"href":"https:\/\/www.pomoline.com\/de\/wp-json\/wp\/v2\/product_cat?post=322542"},{"taxonomy":"product_tag","embeddable":true,"href":"https:\/\/www.pomoline.com\/de\/wp-json\/wp\/v2\/product_tag?post=322542"}],"curies":[{"name":"wp","href":"https:\/\/api.w.org\/{rel}","templated":true}]}}