{"id":322546,"date":"2024-04-27T12:57:26","date_gmt":"2024-04-27T10:57:26","guid":{"rendered":"https:\/\/www.pomoline.com\/web-pruebas\/producto\/tirador-asa-de-mueble-laton-cepillado-puerta-armario-cocina-160mm\/"},"modified":"2025-03-13T23:38:24","modified_gmt":"2025-03-13T22:38:24","slug":"mobelknopf-mobelgriff-messing-geburstet-tur-schrank-kuche-160mm","status":"publish","type":"product","link":"https:\/\/www.pomoline.com\/de\/produkt\/mobelknopf-mobelgriff-messing-geburstet-tur-schrank-kuche-160mm\/","title":{"rendered":"M\u00d6BELKNOPF M\u00d6BELGRIFF MESSING GEB\u00dcRSTET T\u00dcR SCHRANK K\u00dcCHE 160MM"},"content":{"rendered":"<p>Griffe und Kn\u00f6pfe im klassischen Stil f\u00fcr rustikale, Vintage und gealterte M\u00f6bel. Wir versenden sie mit den mitgelieferten Befestigungsschrauben und k\u00f6nnen an Schrankt\u00fcren und Schubladen montiert werden. Dieses besondere Modell ist MOD 801 BRONCE M\u00f6belkno<\/p>\n","protected":false},"excerpt":{"rendered":"<p>Griffe und Kn\u00f6pfe im klassischen Stil f\u00fcr rustikale, Vintage und gealterte M\u00f6bel. Wir versenden sie mit den mitgelieferten Befestigungsschrauben und k\u00f6nnen an Schrankt\u00fcren und Schubladen montiert werden. Dieses besondere Modell ist MOD 801 BRONCE M\u00f6belkno<\/p>\n","protected":false},"featured_media":409760,"template":"","meta":{"_joinchat":[]},"product_brand":[],"product_cat":[5187,965],"product_tag":[],"class_list":{"0":"post-322546","1":"product","2":"type-product","3":"status-publish","4":"has-post-thumbnail","6":"product_cat-mobelgriffe-und-knopfe-fur-schubladen","7":"product_cat-mobelknopfe-griffe-schublade-turgriffe-klassische-rustikale-design","8":"pa_color-geburstetes-messing-schrankknopfe-griffe-wandhaken-turhaken-mobelbeine","9":"pa_distancia-agujeros-tornillos-tiradores-160-mm-entre-centros-de-tornillos-cajon-puerta-mueble-de","10":"pa_tendencia-moderne-designer-mobelgriffe","12":"first","13":"instock","14":"taxable","15":"shipping-taxable","16":"purchasable","17":"product-type-variable","18":"has-default-attributes","19":"wvs-archive-product-wrapper"},"_links":{"self":[{"href":"https:\/\/www.pomoline.com\/de\/wp-json\/wp\/v2\/product\/322546","targetHints":{"allow":["GET"]}}],"collection":[{"href":"https:\/\/www.pomoline.com\/de\/wp-json\/wp\/v2\/product"}],"about":[{"href":"https:\/\/www.pomoline.com\/de\/wp-json\/wp\/v2\/types\/product"}],"wp:featuredmedia":[{"embeddable":true,"href":"https:\/\/www.pomoline.com\/de\/wp-json\/wp\/v2\/media\/409760"}],"wp:attachment":[{"href":"https:\/\/www.pomoline.com\/de\/wp-json\/wp\/v2\/media?parent=322546"}],"wp:term":[{"taxonomy":"product_brand","embeddable":true,"href":"https:\/\/www.pomoline.com\/de\/wp-json\/wp\/v2\/product_brand?post=322546"},{"taxonomy":"product_cat","embeddable":true,"href":"https:\/\/www.pomoline.com\/de\/wp-json\/wp\/v2\/product_cat?post=322546"},{"taxonomy":"product_tag","embeddable":true,"href":"https:\/\/www.pomoline.com\/de\/wp-json\/wp\/v2\/product_tag?post=322546"}],"curies":[{"name":"wp","href":"https:\/\/api.w.org\/{rel}","templated":true}]}}