{"id":322550,"date":"2024-04-27T12:57:31","date_gmt":"2024-04-27T10:57:31","guid":{"rendered":"https:\/\/www.pomoline.com\/web-pruebas\/producto\/tirador-asa-mueble-metal-niquel-cepillado-puerta-armario-cocina-160mm\/"},"modified":"2025-03-13T23:38:06","modified_gmt":"2025-03-13T22:38:06","slug":"mobelknopf-griff-mobel-metall-nickel-geburstet-tur-schrank-kuche-160mm","status":"publish","type":"product","link":"https:\/\/www.pomoline.com\/de\/produkt\/mobelknopf-griff-mobel-metall-nickel-geburstet-tur-schrank-kuche-160mm\/","title":{"rendered":"M\u00d6BELKNOPF GRIFF M\u00d6BEL METALL NICKEL GEB\u00dcRSTET T\u00dcR SCHRANK K\u00dcCHE 160MM"},"content":{"rendered":"<p>Wir bieten Ihnen Metalllgriffe f\u00fcr T\u00fcren und K\u00fcchenschr\u00e4nke mit matten Chrom, Nickel und Stahloberfl\u00e4chen. Die Designs sind exklusiv und sehr aktuell, ideal f\u00fcr die Montage in Schubladen. Dieses besondere Modell ist MOD 801 M\u00f6belknopf Griff M\u00f6bel Metall<\/p>\n","protected":false},"excerpt":{"rendered":"<p>Wir bieten Ihnen Metalllgriffe f\u00fcr T\u00fcren und K\u00fcchenschr\u00e4nke mit matten Chrom, Nickel und Stahloberfl\u00e4chen. Die Designs sind exklusiv und sehr aktuell, ideal f\u00fcr die Montage in Schubladen. Dieses besondere Modell ist MOD 801 M\u00f6belknopf Griff M\u00f6bel Metall<\/p>\n","protected":false},"featured_media":409756,"template":"","meta":{"_joinchat":[]},"product_brand":[],"product_cat":[5187,957],"product_tag":[],"class_list":{"0":"post-322550","1":"product","2":"type-product","3":"status-publish","4":"has-post-thumbnail","6":"product_cat-mobelgriffe-und-knopfe-fur-schubladen","7":"product_cat-moderne-kuchengriffe","8":"pa_color-geburstetes-nickel-schrank-griffe-griffe-wandaufhanger-turhaken-mobelbeine","9":"pa_color-matt-chrom-schrankgriffe-griffe-wandaufhanger-turhaken-mobelbeine","10":"pa_distancia-agujeros-tornillos-tiradores-160-mm-entre-centros-de-tornillos-cajon-puerta-mueble-de","11":"pa_tendencia-moderne-designer-mobelgriffe","13":"first","14":"instock","15":"taxable","16":"shipping-taxable","17":"purchasable","18":"product-type-variable","19":"has-default-attributes","20":"wvs-archive-product-wrapper"},"_links":{"self":[{"href":"https:\/\/www.pomoline.com\/de\/wp-json\/wp\/v2\/product\/322550","targetHints":{"allow":["GET"]}}],"collection":[{"href":"https:\/\/www.pomoline.com\/de\/wp-json\/wp\/v2\/product"}],"about":[{"href":"https:\/\/www.pomoline.com\/de\/wp-json\/wp\/v2\/types\/product"}],"wp:featuredmedia":[{"embeddable":true,"href":"https:\/\/www.pomoline.com\/de\/wp-json\/wp\/v2\/media\/409756"}],"wp:attachment":[{"href":"https:\/\/www.pomoline.com\/de\/wp-json\/wp\/v2\/media?parent=322550"}],"wp:term":[{"taxonomy":"product_brand","embeddable":true,"href":"https:\/\/www.pomoline.com\/de\/wp-json\/wp\/v2\/product_brand?post=322550"},{"taxonomy":"product_cat","embeddable":true,"href":"https:\/\/www.pomoline.com\/de\/wp-json\/wp\/v2\/product_cat?post=322550"},{"taxonomy":"product_tag","embeddable":true,"href":"https:\/\/www.pomoline.com\/de\/wp-json\/wp\/v2\/product_tag?post=322550"}],"curies":[{"name":"wp","href":"https:\/\/api.w.org\/{rel}","templated":true}]}}