{"id":322562,"date":"2024-04-27T12:57:45","date_gmt":"2024-04-27T10:57:45","guid":{"rendered":"https:\/\/www.pomoline.com\/web-pruebas\/producto\/pomo-super-matrioskids-para-mueble-infantil\/"},"modified":"2025-03-13T23:37:17","modified_gmt":"2025-03-13T22:37:17","slug":"knopfeuper-matrioskids-fur-mobel-kindlich","status":"publish","type":"product","link":"https:\/\/www.pomoline.com\/de\/produkt\/knopfeuper-matrioskids-fur-mobel-kindlich\/","title":{"rendered":"KN\u00d6PFEUPER MATRIOSKIDS F\u00dcR M\u00d6BEL KINDLICH"},"content":{"rendered":"<p>Kinderm\u00f6belkn\u00f6pfe mit Siebdruckmuster. Ihre Kinder werden es lieben, ein Zimmer mit sehr farbigen und lustigen M\u00f6belgriffen zu haben. Dieses besondere Modell ist MOD 793R M\u00f6belknopf matrioskids Soldat wei\u00df f\u00fcr M\u00f6bel kindlich<\/p>\n","protected":false},"excerpt":{"rendered":"<p>Kinderm\u00f6belkn\u00f6pfe mit Siebdruckmuster. Ihre Kinder werden es lieben, ein Zimmer mit sehr farbigen und lustigen M\u00f6belgriffen zu haben. Dieses besondere Modell ist MOD 793R M\u00f6belknopf matrioskids Soldat wei\u00df f\u00fcr M\u00f6bel kindlich<\/p>\n","protected":false},"featured_media":409744,"template":"","meta":{"_joinchat":[]},"product_brand":[],"product_cat":[5358,993,5355],"product_tag":[],"class_list":{"0":"post-322562","1":"product","2":"type-product","3":"status-publish","4":"has-post-thumbnail","6":"product_cat-ofertas-de","7":"product_cat-knopfe-kindermobel-baby-schubladen","8":"product_cat-ofertas","9":"pa_color-schwarz-schrank-griffe-griffe-wandaufhanger-turhaken-mobelbeine","10":"pa_color-blau-schrank-knauf-griffe-wandaufhanger-turhaken-mobel-beine","11":"pa_color-rot-schrank-knauf-griffe-wandaufhanger-turhaken-mobel-beine","12":"pa_color-fantasy-schrank-knopfe-griffe-wandhanger-turhaken-mobelbeine","13":"pa_tendencia-kinderschrank-griffe-mobelgriffe-fur-kind","15":"first","16":"instock","17":"sale","18":"taxable","19":"shipping-taxable","20":"purchasable","21":"product-type-variable","22":"has-default-attributes","23":"wvs-archive-product-wrapper"},"_links":{"self":[{"href":"https:\/\/www.pomoline.com\/de\/wp-json\/wp\/v2\/product\/322562","targetHints":{"allow":["GET"]}}],"collection":[{"href":"https:\/\/www.pomoline.com\/de\/wp-json\/wp\/v2\/product"}],"about":[{"href":"https:\/\/www.pomoline.com\/de\/wp-json\/wp\/v2\/types\/product"}],"wp:featuredmedia":[{"embeddable":true,"href":"https:\/\/www.pomoline.com\/de\/wp-json\/wp\/v2\/media\/409744"}],"wp:attachment":[{"href":"https:\/\/www.pomoline.com\/de\/wp-json\/wp\/v2\/media?parent=322562"}],"wp:term":[{"taxonomy":"product_brand","embeddable":true,"href":"https:\/\/www.pomoline.com\/de\/wp-json\/wp\/v2\/product_brand?post=322562"},{"taxonomy":"product_cat","embeddable":true,"href":"https:\/\/www.pomoline.com\/de\/wp-json\/wp\/v2\/product_cat?post=322562"},{"taxonomy":"product_tag","embeddable":true,"href":"https:\/\/www.pomoline.com\/de\/wp-json\/wp\/v2\/product_tag?post=322562"}],"curies":[{"name":"wp","href":"https:\/\/api.w.org\/{rel}","templated":true}]}}