{"id":322566,"date":"2024-04-27T12:57:50","date_gmt":"2024-04-27T10:57:50","guid":{"rendered":"https:\/\/www.pomoline.com\/web-pruebas\/producto\/pomo-astronauta-espacio-para-mueble-infantil\/"},"modified":"2025-03-13T23:36:57","modified_gmt":"2025-03-13T22:36:57","slug":"knopf-astronaut-raum-fur-mobel-kindlich","status":"publish","type":"product","link":"https:\/\/www.pomoline.com\/de\/produkt\/knopf-astronaut-raum-fur-mobel-kindlich\/","title":{"rendered":"KNOPF ASTRONAUT RAUM F\u00dcR M\u00d6BEL KINDLICH"},"content":{"rendered":"<p>M\u00f6belkn\u00f6pfe kindlich mit dibujos gemalt Siebdrucks. A tus Kinder les encantara tener un cuarto mit M\u00f6belgriffe de M\u00f6bel muy Farbeidos und graciB\u00e4ren. Dieses besondere Modell ist MOD 793R M\u00f6belknopf matrioskids Soldat wei\u00df f\u00fcr M\u00f6bel kindlich<\/p>\n","protected":false},"excerpt":{"rendered":"<p>M\u00f6belkn\u00f6pfe kindlich mit dibujos gemalt Siebdrucks. A tus Kinder les encantara tener un cuarto mit M\u00f6belgriffe de M\u00f6bel muy Farbeidos und graciB\u00e4ren. Dieses besondere Modell ist MOD 793R M\u00f6belknopf matrioskids Soldat wei\u00df f\u00fcr M\u00f6bel kindlich<\/p>\n","protected":false},"featured_media":409740,"template":"","meta":{"_joinchat":[]},"product_brand":[],"product_cat":[5358,993,5355],"product_tag":[],"class_list":{"0":"post-322566","1":"product","2":"type-product","3":"status-publish","4":"has-post-thumbnail","6":"product_cat-ofertas-de","7":"product_cat-knopfe-kindermobel-baby-schubladen","8":"product_cat-ofertas","9":"pa_color-rot-schrank-knauf-griffe-wandaufhanger-turhaken-mobel-beine","10":"pa_tendencia-kinderschrank-griffe-mobelgriffe-fur-kind","12":"first","13":"instock","14":"sale","15":"taxable","16":"shipping-taxable","17":"purchasable","18":"product-type-variable","19":"has-default-attributes","20":"wvs-archive-product-wrapper"},"_links":{"self":[{"href":"https:\/\/www.pomoline.com\/de\/wp-json\/wp\/v2\/product\/322566","targetHints":{"allow":["GET"]}}],"collection":[{"href":"https:\/\/www.pomoline.com\/de\/wp-json\/wp\/v2\/product"}],"about":[{"href":"https:\/\/www.pomoline.com\/de\/wp-json\/wp\/v2\/types\/product"}],"wp:featuredmedia":[{"embeddable":true,"href":"https:\/\/www.pomoline.com\/de\/wp-json\/wp\/v2\/media\/409740"}],"wp:attachment":[{"href":"https:\/\/www.pomoline.com\/de\/wp-json\/wp\/v2\/media?parent=322566"}],"wp:term":[{"taxonomy":"product_brand","embeddable":true,"href":"https:\/\/www.pomoline.com\/de\/wp-json\/wp\/v2\/product_brand?post=322566"},{"taxonomy":"product_cat","embeddable":true,"href":"https:\/\/www.pomoline.com\/de\/wp-json\/wp\/v2\/product_cat?post=322566"},{"taxonomy":"product_tag","embeddable":true,"href":"https:\/\/www.pomoline.com\/de\/wp-json\/wp\/v2\/product_tag?post=322566"}],"curies":[{"name":"wp","href":"https:\/\/api.w.org\/{rel}","templated":true}]}}