{"id":322574,"date":"2024-04-27T12:58:01","date_gmt":"2024-04-27T10:58:01","guid":{"rendered":"https:\/\/www.pomoline.com\/web-pruebas\/producto\/tirador-pomo-de-mueble-munecos-futbolista-diseno-infantil-ninos\/"},"modified":"2025-03-13T23:36:24","modified_gmt":"2025-03-13T22:36:24","slug":"mobelknopf-knopf-von-mobel-puppen-fussballer-design-kindlich-kinder","status":"publish","type":"product","link":"https:\/\/www.pomoline.com\/de\/produkt\/mobelknopf-knopf-von-mobel-puppen-fussballer-design-kindlich-kinder\/","title":{"rendered":"M\u00d6BELKNOPF KNOPF VON M\u00d6BEL PUPPEN FUSSBALLER DESIGN KINDLICH KINDER"},"content":{"rendered":"<p>Kinderm\u00f6belkn\u00f6pfe mit Siebdruckmuster. Ihre Kinder werden es lieben, ein Zimmer mit sehr farbigen und lustigen M\u00f6belgriffen zu haben. Dieses besondere Modell ist MOD 793 Griff M\u00f6belknopf Puppen matrioskids Design kindlich Kinder<\/p>\n","protected":false},"excerpt":{"rendered":"<p>Kinderm\u00f6belkn\u00f6pfe mit Siebdruckmuster. Ihre Kinder werden es lieben, ein Zimmer mit sehr farbigen und lustigen M\u00f6belgriffen zu haben. Dieses besondere Modell ist MOD 793 Griff M\u00f6belknopf Puppen matrioskids Design kindlich Kinder<\/p>\n","protected":false},"featured_media":409732,"template":"","meta":{"_joinchat":[]},"product_brand":[],"product_cat":[5358,993,5355],"product_tag":[],"class_list":{"0":"post-322574","1":"product","2":"type-product","3":"status-publish","4":"has-post-thumbnail","6":"product_cat-ofertas-de","7":"product_cat-knopfe-kindermobel-baby-schubladen","8":"product_cat-ofertas","9":"pa_color-weis-schrank-griffe-griffe-wandhaken-turhaken-mobelbeine","10":"pa_color-blau-schrank-knauf-griffe-wandaufhanger-turhaken-mobel-beine","11":"pa_tendencia-kinderschrank-griffe-mobelgriffe-fur-kind","13":"first","14":"instock","15":"sale","16":"taxable","17":"shipping-taxable","18":"purchasable","19":"product-type-variable","20":"has-default-attributes","21":"wvs-archive-product-wrapper"},"_links":{"self":[{"href":"https:\/\/www.pomoline.com\/de\/wp-json\/wp\/v2\/product\/322574","targetHints":{"allow":["GET"]}}],"collection":[{"href":"https:\/\/www.pomoline.com\/de\/wp-json\/wp\/v2\/product"}],"about":[{"href":"https:\/\/www.pomoline.com\/de\/wp-json\/wp\/v2\/types\/product"}],"wp:featuredmedia":[{"embeddable":true,"href":"https:\/\/www.pomoline.com\/de\/wp-json\/wp\/v2\/media\/409732"}],"wp:attachment":[{"href":"https:\/\/www.pomoline.com\/de\/wp-json\/wp\/v2\/media?parent=322574"}],"wp:term":[{"taxonomy":"product_brand","embeddable":true,"href":"https:\/\/www.pomoline.com\/de\/wp-json\/wp\/v2\/product_brand?post=322574"},{"taxonomy":"product_cat","embeddable":true,"href":"https:\/\/www.pomoline.com\/de\/wp-json\/wp\/v2\/product_cat?post=322574"},{"taxonomy":"product_tag","embeddable":true,"href":"https:\/\/www.pomoline.com\/de\/wp-json\/wp\/v2\/product_tag?post=322574"}],"curies":[{"name":"wp","href":"https:\/\/api.w.org\/{rel}","templated":true}]}}