{"id":322586,"date":"2024-04-27T12:58:22","date_gmt":"2024-04-27T10:58:22","guid":{"rendered":"https:\/\/www.pomoline.com\/web-pruebas\/producto\/tirador-asa-de-mueble-abs-pintado-cromo-puerta-armario-cocina-128mm\/"},"modified":"2025-03-13T23:35:35","modified_gmt":"2025-03-13T22:35:35","slug":"mobelknopf-mobelgriff-abs-gemalt-chrom-tur-schrank-kuche-128mm","status":"publish","type":"product","link":"https:\/\/www.pomoline.com\/de\/produkt\/mobelknopf-mobelgriff-abs-gemalt-chrom-tur-schrank-kuche-128mm\/","title":{"rendered":"M\u00d6BELKNOPF M\u00d6BELGRIFF ABS GEMALT CHROM T\u00dcR SCHRANK K\u00dcCHE 128mm"},"content":{"rendered":"<p>Sehr preiswerte K\u00fcchengriffe aus Kunststoff, lackiert in Chrom matt, wei\u00df oder schwarz. Gutes Preis Leistungs Verh\u00e4ltnis. Dieses besondere Modell ist MOD 788 M\u00f6belknopf M\u00f6belgriff ABS gemalt Chrom T\u00fcr Schrank K\u00fcche 128mm<\/p>\n","protected":false},"excerpt":{"rendered":"<p>Sehr preiswerte K\u00fcchengriffe aus Kunststoff, lackiert in Chrom matt, wei\u00df oder schwarz. Gutes Preis Leistungs Verh\u00e4ltnis. Dieses besondere Modell ist MOD 788 M\u00f6belknopf M\u00f6belgriff ABS gemalt Chrom T\u00fcr Schrank K\u00fcche 128mm<\/p>\n","protected":false},"featured_media":409720,"template":"","meta":{"_joinchat":[]},"product_brand":[],"product_cat":[5187,1021],"product_tag":[],"class_list":{"0":"post-322586","1":"product","2":"type-product","3":"status-publish","4":"has-post-thumbnail","6":"product_cat-mobelgriffe-und-knopfe-fur-schubladen","7":"product_cat-mobelknopfe-griffe-plastik-kunststoff-gunstig-kuchenschranke","8":"pa_color-matt-chrom-schrankgriffe-griffe-wandaufhanger-turhaken-mobelbeine","9":"pa_distancia-agujeros-tornillos-tiradores-128-mm-entre-centros-de-tornillos-cajon-puerta-mueble-de","10":"pa_tendencia-moderne-mobel-griffe-knaufe","12":"first","13":"instock","14":"taxable","15":"shipping-taxable","16":"purchasable","17":"product-type-variable","18":"has-default-attributes","19":"wvs-archive-product-wrapper"},"_links":{"self":[{"href":"https:\/\/www.pomoline.com\/de\/wp-json\/wp\/v2\/product\/322586","targetHints":{"allow":["GET"]}}],"collection":[{"href":"https:\/\/www.pomoline.com\/de\/wp-json\/wp\/v2\/product"}],"about":[{"href":"https:\/\/www.pomoline.com\/de\/wp-json\/wp\/v2\/types\/product"}],"wp:featuredmedia":[{"embeddable":true,"href":"https:\/\/www.pomoline.com\/de\/wp-json\/wp\/v2\/media\/409720"}],"wp:attachment":[{"href":"https:\/\/www.pomoline.com\/de\/wp-json\/wp\/v2\/media?parent=322586"}],"wp:term":[{"taxonomy":"product_brand","embeddable":true,"href":"https:\/\/www.pomoline.com\/de\/wp-json\/wp\/v2\/product_brand?post=322586"},{"taxonomy":"product_cat","embeddable":true,"href":"https:\/\/www.pomoline.com\/de\/wp-json\/wp\/v2\/product_cat?post=322586"},{"taxonomy":"product_tag","embeddable":true,"href":"https:\/\/www.pomoline.com\/de\/wp-json\/wp\/v2\/product_tag?post=322586"}],"curies":[{"name":"wp","href":"https:\/\/api.w.org\/{rel}","templated":true}]}}