{"id":322606,"date":"2024-04-27T12:58:51","date_gmt":"2024-04-27T10:58:51","guid":{"rendered":"https:\/\/www.pomoline.com\/web-pruebas\/producto\/tirador-asa-de-mueble-abs-pintado-cromo-cajon-armario-cocina-64mm\/"},"modified":"2025-03-13T23:34:12","modified_gmt":"2025-03-13T22:34:12","slug":"mobelknopf-mobelgriff-abs-gemalt-chrom-schublade-schrank-kuche-64mm","status":"publish","type":"product","link":"https:\/\/www.pomoline.com\/de\/produkt\/mobelknopf-mobelgriff-abs-gemalt-chrom-schublade-schrank-kuche-64mm\/","title":{"rendered":"M\u00d6BELKNOPF M\u00d6BELGRIFF ABS GEMALT CHROM SCHUBLADE SCHRANK K\u00dcCHE 64mm"},"content":{"rendered":"<p>Sehr preiswerte K\u00fcchengriffe aus Kunststoff, lackiert in Chrom matt, wei\u00df oder schwarz. Gutes Preis Leistungs Verh\u00e4ltnis. Dieses besondere Modell ist MOD 782 M\u00f6belknopf M\u00f6belgriff ABS gemalt Chrom Schublade Schrank K\u00fcche 64mm<\/p>\n","protected":false},"excerpt":{"rendered":"<p>Sehr preiswerte K\u00fcchengriffe aus Kunststoff, lackiert in Chrom matt, wei\u00df oder schwarz. Gutes Preis Leistungs Verh\u00e4ltnis. Dieses besondere Modell ist MOD 782 M\u00f6belknopf M\u00f6belgriff ABS gemalt Chrom Schublade Schrank K\u00fcche 64mm<\/p>\n","protected":false},"featured_media":409700,"template":"","meta":{"_joinchat":[]},"product_brand":[],"product_cat":[5187,1021],"product_tag":[],"class_list":{"0":"post-322606","1":"product","2":"type-product","3":"status-publish","4":"has-post-thumbnail","6":"product_cat-mobelgriffe-und-knopfe-fur-schubladen","7":"product_cat-mobelknopfe-griffe-plastik-kunststoff-gunstig-kuchenschranke","8":"pa_color-matt-chrom-schrankgriffe-griffe-wandaufhanger-turhaken-mobelbeine","9":"pa_distancia-agujeros-tornillos-tiradores-64-mm-entre-centros-de-tornillos-cajon-puerta-mueble-de","10":"pa_distancia-agujeros-tornillos-tiradores-128-mm-entre-centros-de-tornillos-cajon-puerta-mueble-de","11":"pa_tendencia-kleiderschrank-schrank-griffe","13":"first","14":"instock","15":"taxable","16":"shipping-taxable","17":"purchasable","18":"product-type-variable","19":"has-default-attributes","20":"wvs-archive-product-wrapper"},"_links":{"self":[{"href":"https:\/\/www.pomoline.com\/de\/wp-json\/wp\/v2\/product\/322606","targetHints":{"allow":["GET"]}}],"collection":[{"href":"https:\/\/www.pomoline.com\/de\/wp-json\/wp\/v2\/product"}],"about":[{"href":"https:\/\/www.pomoline.com\/de\/wp-json\/wp\/v2\/types\/product"}],"wp:featuredmedia":[{"embeddable":true,"href":"https:\/\/www.pomoline.com\/de\/wp-json\/wp\/v2\/media\/409700"}],"wp:attachment":[{"href":"https:\/\/www.pomoline.com\/de\/wp-json\/wp\/v2\/media?parent=322606"}],"wp:term":[{"taxonomy":"product_brand","embeddable":true,"href":"https:\/\/www.pomoline.com\/de\/wp-json\/wp\/v2\/product_brand?post=322606"},{"taxonomy":"product_cat","embeddable":true,"href":"https:\/\/www.pomoline.com\/de\/wp-json\/wp\/v2\/product_cat?post=322606"},{"taxonomy":"product_tag","embeddable":true,"href":"https:\/\/www.pomoline.com\/de\/wp-json\/wp\/v2\/product_tag?post=322606"}],"curies":[{"name":"wp","href":"https:\/\/api.w.org\/{rel}","templated":true}]}}