{"id":322610,"date":"2024-04-27T12:58:56","date_gmt":"2024-04-27T10:58:56","guid":{"rendered":"https:\/\/www.pomoline.com\/web-pruebas\/producto\/tirador-pomo-de-mueble-flor-resina-blanca-puerta-armario-cocina\/"},"modified":"2025-03-13T23:33:54","modified_gmt":"2025-03-13T22:33:54","slug":"mobelknopf-knopf-von-mobel-blume-harz-weiss-tur-schrank-kuche","status":"publish","type":"product","link":"https:\/\/www.pomoline.com\/de\/produkt\/mobelknopf-knopf-von-mobel-blume-harz-weiss-tur-schrank-kuche\/","title":{"rendered":"M\u00d6BELKNOPF KNOPF VON M\u00d6BEL BLUME HARZ WEISS T\u00dcR SCHRANK K\u00dcCHE"},"content":{"rendered":"<p>M\u00f6belkn\u00f6pfe aus gealtertem Harz mit Vintage Patina. Ideal f\u00fcr Schubladen von klassischen M\u00f6beln. Dieses besondere Modell ist MOD 781F Griff M\u00f6belknopf Blume Harz weiss T\u00fcr Schrank K\u00fcche<\/p>\n","protected":false},"excerpt":{"rendered":"<p>M\u00f6belkn\u00f6pfe aus gealtertem Harz mit Vintage Patina. Ideal f\u00fcr Schubladen von klassischen M\u00f6beln. Dieses besondere Modell ist MOD 781F Griff M\u00f6belknopf Blume Harz weiss T\u00fcr Schrank K\u00fcche<\/p>\n","protected":false},"featured_media":409696,"template":"","meta":{"_joinchat":[]},"product_brand":[],"product_cat":[5358,993,5355],"product_tag":[],"class_list":{"0":"post-322610","1":"product","2":"type-product","3":"status-publish","4":"has-post-thumbnail","6":"product_cat-ofertas-de","7":"product_cat-knopfe-kindermobel-baby-schubladen","8":"product_cat-ofertas","9":"pa_color-magenta-schrank-knauf-griffe-wandaufhanger-turhaken-mobel-beine","10":"pa_tendencia-blumenknopfe-fur-mobelschublade","12":"first","13":"instock","14":"sale","15":"taxable","16":"shipping-taxable","17":"purchasable","18":"product-type-variable","19":"has-default-attributes","20":"wvs-archive-product-wrapper"},"_links":{"self":[{"href":"https:\/\/www.pomoline.com\/de\/wp-json\/wp\/v2\/product\/322610","targetHints":{"allow":["GET"]}}],"collection":[{"href":"https:\/\/www.pomoline.com\/de\/wp-json\/wp\/v2\/product"}],"about":[{"href":"https:\/\/www.pomoline.com\/de\/wp-json\/wp\/v2\/types\/product"}],"wp:featuredmedia":[{"embeddable":true,"href":"https:\/\/www.pomoline.com\/de\/wp-json\/wp\/v2\/media\/409696"}],"wp:attachment":[{"href":"https:\/\/www.pomoline.com\/de\/wp-json\/wp\/v2\/media?parent=322610"}],"wp:term":[{"taxonomy":"product_brand","embeddable":true,"href":"https:\/\/www.pomoline.com\/de\/wp-json\/wp\/v2\/product_brand?post=322610"},{"taxonomy":"product_cat","embeddable":true,"href":"https:\/\/www.pomoline.com\/de\/wp-json\/wp\/v2\/product_cat?post=322610"},{"taxonomy":"product_tag","embeddable":true,"href":"https:\/\/www.pomoline.com\/de\/wp-json\/wp\/v2\/product_tag?post=322610"}],"curies":[{"name":"wp","href":"https:\/\/api.w.org\/{rel}","templated":true}]}}