{"id":322618,"date":"2024-04-27T12:59:13","date_gmt":"2024-04-27T10:59:13","guid":{"rendered":"https:\/\/www.pomoline.com\/web-pruebas\/producto\/tirador-asa-de-mueble-abs-pintado-negro-mate-puerta-armario-cocina\/"},"modified":"2025-03-13T23:33:20","modified_gmt":"2025-03-13T22:33:20","slug":"mobelknopf-mobelgriff-abs-gemalt-schwarz-matt-tur-schrank-kuche","status":"publish","type":"product","link":"https:\/\/www.pomoline.com\/de\/produkt\/mobelknopf-mobelgriff-abs-gemalt-schwarz-matt-tur-schrank-kuche\/","title":{"rendered":"M\u00d6BELKNOPF M\u00d6BELGRIFF ABS GEMALT SCHWARZ MATT T\u00dcR SCHRANK K\u00dcCHE"},"content":{"rendered":"<p>Sehr preiswerte K\u00fcchengriffe aus Kunststoff, lackiert in Chrom matt, wei\u00df oder schwarz. Gutes Preis Leistungs Verh\u00e4ltnis. Dieses besondere Modell ist MOD 773 M\u00f6belknopf M\u00f6belgriff ABS gemalt schwarz matt T\u00fcr Schrank K\u00fcche<\/p>\n","protected":false},"excerpt":{"rendered":"<p>Sehr preiswerte K\u00fcchengriffe aus Kunststoff, lackiert in Chrom matt, wei\u00df oder schwarz. Gutes Preis Leistungs Verh\u00e4ltnis. Dieses besondere Modell ist MOD 773 M\u00f6belknopf M\u00f6belgriff ABS gemalt schwarz matt T\u00fcr Schrank K\u00fcche<\/p>\n","protected":false},"featured_media":409687,"template":"","meta":{"_joinchat":[]},"product_brand":[],"product_cat":[5187,1021],"product_tag":[],"class_list":{"0":"post-322618","1":"product","2":"type-product","3":"status-publish","4":"has-post-thumbnail","6":"product_cat-mobelgriffe-und-knopfe-fur-schubladen","7":"product_cat-mobelknopfe-griffe-plastik-kunststoff-gunstig-kuchenschranke","8":"pa_color-schwarz-schrank-griffe-griffe-wandaufhanger-turhaken-mobelbeine","9":"pa_color-weis-schrank-griffe-griffe-wandhaken-turhaken-mobelbeine","10":"pa_color-matt-chrom-schrankgriffe-griffe-wandaufhanger-turhaken-mobelbeine","11":"pa_distancia-agujeros-tornillos-tiradores-160-mm-entre-centros-de-tornillos-cajon-puerta-mueble-de","12":"pa_tendencia-moderne-designer-mobelgriffe","14":"first","15":"instock","16":"taxable","17":"shipping-taxable","18":"purchasable","19":"product-type-variable","20":"has-default-attributes","21":"wvs-archive-product-wrapper"},"_links":{"self":[{"href":"https:\/\/www.pomoline.com\/de\/wp-json\/wp\/v2\/product\/322618","targetHints":{"allow":["GET"]}}],"collection":[{"href":"https:\/\/www.pomoline.com\/de\/wp-json\/wp\/v2\/product"}],"about":[{"href":"https:\/\/www.pomoline.com\/de\/wp-json\/wp\/v2\/types\/product"}],"wp:featuredmedia":[{"embeddable":true,"href":"https:\/\/www.pomoline.com\/de\/wp-json\/wp\/v2\/media\/409687"}],"wp:attachment":[{"href":"https:\/\/www.pomoline.com\/de\/wp-json\/wp\/v2\/media?parent=322618"}],"wp:term":[{"taxonomy":"product_brand","embeddable":true,"href":"https:\/\/www.pomoline.com\/de\/wp-json\/wp\/v2\/product_brand?post=322618"},{"taxonomy":"product_cat","embeddable":true,"href":"https:\/\/www.pomoline.com\/de\/wp-json\/wp\/v2\/product_cat?post=322618"},{"taxonomy":"product_tag","embeddable":true,"href":"https:\/\/www.pomoline.com\/de\/wp-json\/wp\/v2\/product_tag?post=322618"}],"curies":[{"name":"wp","href":"https:\/\/api.w.org\/{rel}","templated":true}]}}