{"id":322622,"date":"2024-04-27T12:59:19","date_gmt":"2024-04-27T10:59:19","guid":{"rendered":"https:\/\/www.pomoline.com\/web-pruebas\/producto\/tirador-pomo-de-mueble-abs-pintado-aluminio-mate-55mm\/"},"modified":"2025-03-13T23:33:02","modified_gmt":"2025-03-13T22:33:02","slug":"mobelknopf-knopf-von-mobel-abs-gemalt-aluminium-matt-55mm","status":"publish","type":"product","link":"https:\/\/www.pomoline.com\/de\/produkt\/mobelknopf-knopf-von-mobel-abs-gemalt-aluminium-matt-55mm\/","title":{"rendered":"M\u00d6BELKNOPF KNOPF VON M\u00d6BEL ABS GEMALT ALUMINIUM MATT 55MM"},"content":{"rendered":"<p>Sehr preiswerte K\u00fcchengriffe aus Kunststoff, lackiert in Chrom matt, wei\u00df oder schwarz. Gutes Preis Leistungs Verh\u00e4ltnis. Dieses besondere Modell ist MOD 772 CROMO Griff M\u00f6belknopf ABS gemalt mattes Aluminium 55mm<\/p>\n","protected":false},"excerpt":{"rendered":"<p>Sehr preiswerte K\u00fcchengriffe aus Kunststoff, lackiert in Chrom matt, wei\u00df oder schwarz. Gutes Preis Leistungs Verh\u00e4ltnis. Dieses besondere Modell ist MOD 772 CROMO Griff M\u00f6belknopf ABS gemalt mattes Aluminium 55mm<\/p>\n","protected":false},"featured_media":409683,"template":"","meta":{"_joinchat":[]},"product_brand":[],"product_cat":[5187,1021],"product_tag":[],"class_list":{"0":"post-322622","1":"product","2":"type-product","3":"status-publish","4":"has-post-thumbnail","6":"product_cat-mobelgriffe-und-knopfe-fur-schubladen","7":"product_cat-mobelknopfe-griffe-plastik-kunststoff-gunstig-kuchenschranke","8":"pa_color-matt-chrom-schrankgriffe-griffe-wandaufhanger-turhaken-mobelbeine","9":"pa_distancia-agujeros-tornillos-tiradores-32-mm-entre-centros-de-tornillos-cajon-puerta-mueble-de","10":"pa_tendencia-jugendschrankgriffe-mobelgriffe-fur-jugendliche","12":"first","13":"instock","14":"taxable","15":"shipping-taxable","16":"purchasable","17":"product-type-variable","18":"has-default-attributes","19":"wvs-archive-product-wrapper"},"_links":{"self":[{"href":"https:\/\/www.pomoline.com\/de\/wp-json\/wp\/v2\/product\/322622","targetHints":{"allow":["GET"]}}],"collection":[{"href":"https:\/\/www.pomoline.com\/de\/wp-json\/wp\/v2\/product"}],"about":[{"href":"https:\/\/www.pomoline.com\/de\/wp-json\/wp\/v2\/types\/product"}],"wp:featuredmedia":[{"embeddable":true,"href":"https:\/\/www.pomoline.com\/de\/wp-json\/wp\/v2\/media\/409683"}],"wp:attachment":[{"href":"https:\/\/www.pomoline.com\/de\/wp-json\/wp\/v2\/media?parent=322622"}],"wp:term":[{"taxonomy":"product_brand","embeddable":true,"href":"https:\/\/www.pomoline.com\/de\/wp-json\/wp\/v2\/product_brand?post=322622"},{"taxonomy":"product_cat","embeddable":true,"href":"https:\/\/www.pomoline.com\/de\/wp-json\/wp\/v2\/product_cat?post=322622"},{"taxonomy":"product_tag","embeddable":true,"href":"https:\/\/www.pomoline.com\/de\/wp-json\/wp\/v2\/product_tag?post=322622"}],"curies":[{"name":"wp","href":"https:\/\/api.w.org\/{rel}","templated":true}]}}