{"id":322634,"date":"2024-04-27T12:59:36","date_gmt":"2024-04-27T10:59:36","guid":{"rendered":"https:\/\/www.pomoline.com\/web-pruebas\/producto\/tirador-pomo-cuadrado-de-mueble-abs-pintado-colores-diseno-juvenil\/"},"modified":"2025-03-13T23:32:11","modified_gmt":"2025-03-13T22:32:11","slug":"mobelknopf-knopf-quadratisch-aus-mobel-abs-gemalt-farben-design-jugendlich","status":"publish","type":"product","link":"https:\/\/www.pomoline.com\/de\/produkt\/mobelknopf-knopf-quadratisch-aus-mobel-abs-gemalt-farben-design-jugendlich\/","title":{"rendered":"M\u00d6BELKNOPF KNOPF QUADRATISCH AUS M\u00d6BEL ABS GEMALT FARBEN DESIGN JUGENDLICH"},"content":{"rendered":"<p>Farbig lackierte Kunststoffkn\u00f6pfe f\u00fcr Kinderm\u00f6belschubladen. Diese M\u00f6belgriffe sind sehr preiswert und geben dem Raum eine sch\u00f6ne Atmosph\u00e4re. Dieses besondere Modell ist MOD 771 M\u00f6belgriff M\u00f6belknopf quadratisch de M\u00f6bel ABS gemalt Farben Design judenli<\/p>\n","protected":false},"excerpt":{"rendered":"<p>Farbig lackierte Kunststoffkn\u00f6pfe f\u00fcr Kinderm\u00f6belschubladen. Diese M\u00f6belgriffe sind sehr preiswert und geben dem Raum eine sch\u00f6ne Atmosph\u00e4re. Dieses besondere Modell ist MOD 771 M\u00f6belgriff M\u00f6belknopf quadratisch de M\u00f6bel ABS gemalt Farben Design judenli<\/p>\n","protected":false},"featured_media":409671,"template":"","meta":{"_joinchat":[]},"product_brand":[],"product_cat":[993],"product_tag":[],"class_list":{"0":"post-322634","1":"product","2":"type-product","3":"status-publish","4":"has-post-thumbnail","6":"product_cat-knopfe-kindermobel-baby-schubladen","7":"pa_color-weis-schrank-griffe-griffe-wandhaken-turhaken-mobelbeine","8":"pa_color-blau-schrank-knauf-griffe-wandaufhanger-turhaken-mobel-beine","9":"pa_color-lila-schrankknopfe-griffe-wandhaken-turhaken-mobelbeine","10":"pa_color-magenta-schrank-knauf-griffe-wandaufhanger-turhaken-mobel-beine","11":"pa_color-orange-schrank-griffe-griffe-wandaufhanger-turhaken-mobel-beine","12":"pa_color-pistazie-grun-schrankknopfe-griffe-wandhaken-turhaken-mobelbeine","13":"pa_tendencia-jugendschrankgriffe-mobelgriffe-fur-jugendliche","15":"first","16":"instock","17":"taxable","18":"shipping-taxable","19":"purchasable","20":"product-type-variable","21":"has-default-attributes","22":"wvs-archive-product-wrapper"},"_links":{"self":[{"href":"https:\/\/www.pomoline.com\/de\/wp-json\/wp\/v2\/product\/322634","targetHints":{"allow":["GET"]}}],"collection":[{"href":"https:\/\/www.pomoline.com\/de\/wp-json\/wp\/v2\/product"}],"about":[{"href":"https:\/\/www.pomoline.com\/de\/wp-json\/wp\/v2\/types\/product"}],"wp:featuredmedia":[{"embeddable":true,"href":"https:\/\/www.pomoline.com\/de\/wp-json\/wp\/v2\/media\/409671"}],"wp:attachment":[{"href":"https:\/\/www.pomoline.com\/de\/wp-json\/wp\/v2\/media?parent=322634"}],"wp:term":[{"taxonomy":"product_brand","embeddable":true,"href":"https:\/\/www.pomoline.com\/de\/wp-json\/wp\/v2\/product_brand?post=322634"},{"taxonomy":"product_cat","embeddable":true,"href":"https:\/\/www.pomoline.com\/de\/wp-json\/wp\/v2\/product_cat?post=322634"},{"taxonomy":"product_tag","embeddable":true,"href":"https:\/\/www.pomoline.com\/de\/wp-json\/wp\/v2\/product_tag?post=322634"}],"curies":[{"name":"wp","href":"https:\/\/api.w.org\/{rel}","templated":true}]}}