{"id":322638,"date":"2024-04-27T12:59:44","date_gmt":"2024-04-27T10:59:44","guid":{"rendered":"https:\/\/www.pomoline.com\/web-pruebas\/producto\/tirador-pomo-de-mueble-abs-pintado-aluminio-mate-diseno-juvenil\/"},"modified":"2025-03-13T23:31:52","modified_gmt":"2025-03-13T22:31:52","slug":"mobelknopf-knopf-von-mobel-abs-gemalt-aluminium-matt-design-jugendlich","status":"publish","type":"product","link":"https:\/\/www.pomoline.com\/de\/produkt\/mobelknopf-knopf-von-mobel-abs-gemalt-aluminium-matt-design-jugendlich\/","title":{"rendered":"M\u00d6BELKNOPF KNOPF VON M\u00d6BEL ABS GEMALT ALUMINIUM MATT DESIGN JUGENDLICH"},"content":{"rendered":"<p>Sehr preiswerte K\u00fcchengriffe aus Kunststoff, lackiert in Chrom matt, wei\u00df oder schwarz. Gutes Preis Leistungs Verh\u00e4ltnis. Dieses besondere Modell ist MOD 770 CROMO Griff M\u00f6belknopf ABS gemalt mattes Aluminium Design judenlich<\/p>\n","protected":false},"excerpt":{"rendered":"<p>Sehr preiswerte K\u00fcchengriffe aus Kunststoff, lackiert in Chrom matt, wei\u00df oder schwarz. Gutes Preis Leistungs Verh\u00e4ltnis. Dieses besondere Modell ist MOD 770 CROMO Griff M\u00f6belknopf ABS gemalt mattes Aluminium Design judenlich<\/p>\n","protected":false},"featured_media":409667,"template":"","meta":{"_joinchat":[]},"product_brand":[],"product_cat":[5187,1021],"product_tag":[],"class_list":{"0":"post-322638","1":"product","2":"type-product","3":"status-publish","4":"has-post-thumbnail","6":"product_cat-mobelgriffe-und-knopfe-fur-schubladen","7":"product_cat-mobelknopfe-griffe-plastik-kunststoff-gunstig-kuchenschranke","8":"pa_color-matt-chrom-schrankgriffe-griffe-wandaufhanger-turhaken-mobelbeine","9":"pa_tendencia-jugendschrankgriffe-mobelgriffe-fur-jugendliche","11":"first","12":"instock","13":"taxable","14":"shipping-taxable","15":"purchasable","16":"product-type-variable","17":"has-default-attributes","18":"wvs-archive-product-wrapper"},"_links":{"self":[{"href":"https:\/\/www.pomoline.com\/de\/wp-json\/wp\/v2\/product\/322638","targetHints":{"allow":["GET"]}}],"collection":[{"href":"https:\/\/www.pomoline.com\/de\/wp-json\/wp\/v2\/product"}],"about":[{"href":"https:\/\/www.pomoline.com\/de\/wp-json\/wp\/v2\/types\/product"}],"wp:featuredmedia":[{"embeddable":true,"href":"https:\/\/www.pomoline.com\/de\/wp-json\/wp\/v2\/media\/409667"}],"wp:attachment":[{"href":"https:\/\/www.pomoline.com\/de\/wp-json\/wp\/v2\/media?parent=322638"}],"wp:term":[{"taxonomy":"product_brand","embeddable":true,"href":"https:\/\/www.pomoline.com\/de\/wp-json\/wp\/v2\/product_brand?post=322638"},{"taxonomy":"product_cat","embeddable":true,"href":"https:\/\/www.pomoline.com\/de\/wp-json\/wp\/v2\/product_cat?post=322638"},{"taxonomy":"product_tag","embeddable":true,"href":"https:\/\/www.pomoline.com\/de\/wp-json\/wp\/v2\/product_tag?post=322638"}],"curies":[{"name":"wp","href":"https:\/\/api.w.org\/{rel}","templated":true}]}}